{"id":26631,"date":"2021-09-03T14:59:03","date_gmt":"2021-09-03T06:59:03","guid":{"rendered":"https:\/\/pisooka.eu\/?post_type=product&#038;p=26631"},"modified":"2023-03-30T22:00:41","modified_gmt":"2023-03-30T21:00:41","slug":"pisooka-siliconehead","status":"publish","type":"product","link":"https:\/\/pisooka.eu\/pt\/product\/pisooka-siliconehead\/","title":{"rendered":"Pisooka X<br>Pacote com 4 cabe\u00e7as de massagem de silicone"},"content":{"rendered":"<div data-elementor-type=\"product-post\" data-elementor-id=\"26631\" class=\"elementor elementor-26631\" data-elementor-post-type=\"product\">\n\t\t\t\t\t\t<section class=\"elementor-section elementor-top-section elementor-element elementor-element-febac8c elementor-section-boxed elementor-section-height-default elementor-section-height-default\" data-id=\"febac8c\" data-element_type=\"section\" data-e-type=\"section\">\n\t\t\t\t\t\t<div class=\"elementor-container elementor-column-gap-default\">\n\t\t\t\t\t<div class=\"elementor-column elementor-col-100 elementor-top-column elementor-element elementor-element-0226bd9\" data-id=\"0226bd9\" data-element_type=\"column\" data-e-type=\"column\">\n\t\t\t<div class=\"elementor-widget-wrap elementor-element-populated\">\n\t\t\t\t\t\t<div class=\"elementor-element elementor-element-e47b21f elementor-widget elementor-widget-image\" data-id=\"e47b21f\" data-element_type=\"widget\" data-e-type=\"widget\" data-widget_type=\"image.default\">\n\t\t\t\t<div class=\"elementor-widget-container\">\n\t\t\t\t\t\t\t\t\t\t\t\t\t\t\t<img decoding=\"async\" src=\"https:\/\/projectmars-shop.sfo3.digitaloceanspaces.com\/wp-content\/uploads\/2021\/09\/05123230\/PROJECT-MARS%E7%AD%8B%E8%86%9C%E6%A7%8D_Pisooka-X-13.jpg\" title=\"pisooka mini pistola de massagem\" alt=\"pisooka mini pistola de massagem\" loading=\"lazy\">\t\t\t\t\t\t\t\t\t\t\t\t\t\t\t<\/div>\n\t\t\t\t<\/div>\n\t\t\t\t<div class=\"elementor-element elementor-element-083a9f4 elementor-widget elementor-widget-image\" data-id=\"083a9f4\" data-element_type=\"widget\" data-e-type=\"widget\" data-widget_type=\"image.default\">\n\t\t\t\t<div class=\"elementor-widget-container\">\n\t\t\t\t\t\t\t\t\t\t\t\t\t\t\t<img decoding=\"async\" src=\"https:\/\/projectmars-shop.sfo3.digitaloceanspaces.com\/wp-content\/uploads\/2021\/09\/05123629\/PROJECT-MARS%E7%AD%8B%E8%86%9C%E6%A7%8D_Pisooka-X-12.jpg\" title=\"pisooka mini pistola de massagem\" alt=\"pisooka mini pistola de massagem\" loading=\"lazy\">\t\t\t\t\t\t\t\t\t\t\t\t\t\t\t<\/div>\n\t\t\t\t<\/div>\n\t\t\t\t<div class=\"elementor-element elementor-element-05a3b93 elementor-widget elementor-widget-image\" data-id=\"05a3b93\" data-element_type=\"widget\" data-e-type=\"widget\" data-widget_type=\"image.default\">\n\t\t\t\t<div class=\"elementor-widget-container\">\n\t\t\t\t\t\t\t\t\t\t\t\t\t\t\t<img decoding=\"async\" src=\"https:\/\/projectmars-shop.sfo3.digitaloceanspaces.com\/wp-content\/uploads\/2021\/09\/05123649\/PROJECT-MARS%E7%AD%8B%E8%86%9C%E6%A7%8D_Pisooka-X-15.jpg\" title=\"pisooka mini pistola de massagem\" alt=\"pisooka mini pistola de massagem\" loading=\"lazy\">\t\t\t\t\t\t\t\t\t\t\t\t\t\t\t<\/div>\n\t\t\t\t<\/div>\n\t\t\t\t<div class=\"elementor-element elementor-element-9db8fac elementor-widget elementor-widget-image\" data-id=\"9db8fac\" data-element_type=\"widget\" data-e-type=\"widget\" data-widget_type=\"image.default\">\n\t\t\t\t<div class=\"elementor-widget-container\">\n\t\t\t\t\t\t\t\t\t\t\t\t\t\t\t<img decoding=\"async\" src=\"https:\/\/projectmars-shop.sfo3.digitaloceanspaces.com\/wp-content\/uploads\/2021\/09\/05123711\/PROJECT-MARS%E7%AD%8B%E8%86%9C%E6%A7%8D_Pisooka-X-2.jpg\" title=\"pisooka mini pistola de massagem\" alt=\"pisooka mini pistola de massagem\" loading=\"lazy\">\t\t\t\t\t\t\t\t\t\t\t\t\t\t\t<\/div>\n\t\t\t\t<\/div>\n\t\t\t\t<div class=\"elementor-element elementor-element-35dc05e elementor-widget elementor-widget-image\" data-id=\"35dc05e\" data-element_type=\"widget\" data-e-type=\"widget\" data-widget_type=\"image.default\">\n\t\t\t\t<div class=\"elementor-widget-container\">\n\t\t\t\t\t\t\t\t\t\t\t\t\t\t\t<img fetchpriority=\"high\" decoding=\"async\" width=\"1000\" height=\"1000\" src=\"https:\/\/pisooka.eu\/wp-content\/uploads\/2021\/09\/Pisooka\u77fd\u81a0\u982d\u4ecb\u7d39_\u82f1\u6587.jpg\" class=\"attachment-full size-full wp-image-29963\" alt=\"pisooka mini pistola de massagem\" srcset=\"https:\/\/pisooka.eu\/wp-content\/uploads\/2021\/09\/Pisooka\u77fd\u81a0\u982d\u4ecb\u7d39_\u82f1\u6587.jpg 1000w, https:\/\/pisooka.eu\/wp-content\/uploads\/2021\/09\/Pisooka\u77fd\u81a0\u982d\u4ecb\u7d39_\u82f1\u6587-400x400.jpg 400w, https:\/\/pisooka.eu\/wp-content\/uploads\/2021\/09\/Pisooka\u77fd\u81a0\u982d\u4ecb\u7d39_\u82f1\u6587-150x150.jpg 150w, https:\/\/pisooka.eu\/wp-content\/uploads\/2021\/09\/Pisooka\u77fd\u81a0\u982d\u4ecb\u7d39_\u82f1\u6587-768x768.jpg 768w, https:\/\/pisooka.eu\/wp-content\/uploads\/2021\/09\/Pisooka\u77fd\u81a0\u982d\u4ecb\u7d39_\u82f1\u6587-12x12.jpg 12w, https:\/\/pisooka.eu\/wp-content\/uploads\/2021\/09\/Pisooka\u77fd\u81a0\u982d\u4ecb\u7d39_\u82f1\u6587-350x350.jpg 350w, https:\/\/pisooka.eu\/wp-content\/uploads\/2021\/09\/Pisooka\u77fd\u81a0\u982d\u4ecb\u7d39_\u82f1\u6587-900x900.jpg 900w, https:\/\/pisooka.eu\/wp-content\/uploads\/2021\/09\/Pisooka\u77fd\u81a0\u982d\u4ecb\u7d39_\u82f1\u6587-100x100.jpg 100w\" sizes=\"(max-width: 1000px) 100vw, 1000px\" title=\"pisooka mini pistola de massagem\">\t\t\t\t\t\t\t\t\t\t\t\t\t\t\t<\/div>\n\t\t\t\t<\/div>\n\t\t\t\t\t<\/div>\n\t\t<\/div>\n\t\t\t\t\t<\/div>\n\t\t<\/section>\n\t\t\t\t<\/div>","protected":false},"excerpt":{"rendered":"<p><span style=\"font-weight: 500; color: #000; font-size: 20px;\">\u3010Pisooka X mini - Cabe\u00e7a de massagem de silicone profissional\u3011<\/span><\/p>\n<ul>\n<li>Cabe\u00e7as avan\u00e7adas apenas para profissionais. Mais profundo e confort\u00e1vel.<\/li>\n<li>Cabe\u00e7a de cogumelo: para grandes grupos musculares<\/li>\n<li style=\"text-align: left;\">Cabe\u00e7a da escova: para todo o m\u00fasculo do corpo<\/li>\n<li>Cabe\u00e7a c\u00f4nica: para massagem profunda nos pontos de dor<\/li>\n<li>Cabe\u00e7a da coluna vertebral: para aliviar o m\u00fasculo da coluna<\/li>\n<\/ul>\n<p>Este produto \u00e9 uma venda de pacote de cabe\u00e7a de massagem, o conte\u00fado n\u00e3o cont\u00e9m uma pistola de massagem. A cabe\u00e7a de massagem \u00e9 um item pessoal e n\u00e3o s\u00e3o aceitas devolu\u00e7\u00f5es ou trocas. Alguns modelos t\u00eam diferentes cabe\u00e7as de massagem compat\u00edveis, confirme antes de fazer um pedido.<\/p>\n<p><strong>*Nota: Este produto s\u00f3 pode ser usado com a mini pistola de massagem Pisooka X<\/strong><\/p>","protected":false},"featured_media":26632,"comment_status":"closed","ping_status":"closed","template":"","meta":{"site-sidebar-layout":"no-sidebar","site-content-layout":"page-builder","ast-global-header-display":"","ast-banner-title-visibility":"","ast-main-header-display":"","ast-hfb-above-header-display":"","ast-hfb-below-header-display":"","ast-hfb-mobile-header-display":"","site-post-title":"disabled","ast-breadcrumbs-content":"","ast-featured-img":"disabled","footer-sml-layout":"","theme-transparent-header-meta":"default","adv-header-id-meta":"","stick-header-meta":"","header-above-stick-meta":"","header-main-stick-meta":"","header-below-stick-meta":""},"product_brand":[],"product_cat":[55,108],"product_tag":[113],"class_list":{"0":"post-26631","1":"product","2":"type-product","3":"status-publish","4":"has-post-thumbnail","6":"product_cat-massagegunattachments","7":"product_cat-siliconemassagehead","8":"product_tag-pisookax","9":"desktop-align-left","10":"tablet-align-left","11":"mobile-align-left","13":"first","14":"instock","15":"sale","16":"shipping-taxable","17":"purchasable","18":"product-type-variable","19":"has-default-attributes"},"_links":{"self":[{"href":"https:\/\/pisooka.eu\/pt\/wp-json\/wp\/v2\/product\/26631","targetHints":{"allow":["GET"]}}],"collection":[{"href":"https:\/\/pisooka.eu\/pt\/wp-json\/wp\/v2\/product"}],"about":[{"href":"https:\/\/pisooka.eu\/pt\/wp-json\/wp\/v2\/types\/product"}],"replies":[{"embeddable":true,"href":"https:\/\/pisooka.eu\/pt\/wp-json\/wp\/v2\/comments?post=26631"}],"version-history":[{"count":2,"href":"https:\/\/pisooka.eu\/pt\/wp-json\/wp\/v2\/product\/26631\/revisions"}],"predecessor-version":[{"id":30186,"href":"https:\/\/pisooka.eu\/pt\/wp-json\/wp\/v2\/product\/26631\/revisions\/30186"}],"wp:featuredmedia":[{"embeddable":true,"href":"https:\/\/pisooka.eu\/pt\/wp-json\/wp\/v2\/media\/26632"}],"wp:attachment":[{"href":"https:\/\/pisooka.eu\/pt\/wp-json\/wp\/v2\/media?parent=26631"}],"wp:term":[{"taxonomy":"product_brand","embeddable":true,"href":"https:\/\/pisooka.eu\/pt\/wp-json\/wp\/v2\/product_brand?post=26631"},{"taxonomy":"product_cat","embeddable":true,"href":"https:\/\/pisooka.eu\/pt\/wp-json\/wp\/v2\/product_cat?post=26631"},{"taxonomy":"product_tag","embeddable":true,"href":"https:\/\/pisooka.eu\/pt\/wp-json\/wp\/v2\/product_tag?post=26631"}],"curies":[{"name":"wp","href":"https:\/\/api.w.org\/{rel}","templated":true}]}}