{"id":27197,"date":"2022-08-05T16:41:18","date_gmt":"2022-08-05T08:41:18","guid":{"rendered":"https:\/\/pisooka.eu\/%e9%9a%b1%e7%a7%81%e6%94%bf%e7%ad%96\/"},"modified":"2023-04-25T17:55:07","modified_gmt":"2023-04-25T16:55:07","slug":"experience-center-return-policy","status":"publish","type":"page","link":"https:\/\/pisooka.eu\/pt\/experience-center-return-policy\/","title":{"rendered":"notas de compra"},"content":{"rendered":"<div data-elementor-type=\"wp-page\" data-elementor-id=\"27197\" class=\"elementor elementor-27197\" data-elementor-post-type=\"page\">\n\t\t\t\t\t\t<section class=\"elementor-section elementor-top-section elementor-element elementor-element-76f60bd elementor-section-full_width elementor-section-height-default elementor-section-height-default\" data-id=\"76f60bd\" data-element_type=\"section\" data-e-type=\"section\">\n\t\t\t\t\t\t<div class=\"elementor-container elementor-column-gap-default\">\n\t\t\t\t\t<div class=\"elementor-column elementor-col-100 elementor-top-column elementor-element elementor-element-172b02a\" data-id=\"172b02a\" data-element_type=\"column\" data-e-type=\"column\">\n\t\t\t<div class=\"elementor-widget-wrap elementor-element-populated\">\n\t\t\t\t\t\t<div class=\"elementor-element elementor-element-570d9c6 jet-breadcrumbs-on-front-yes jet-breadcrumbs-align-left elementor-widget elementor-widget-jet-breadcrumbs\" data-id=\"570d9c6\" data-element_type=\"widget\" data-e-type=\"widget\" data-widget_type=\"jet-breadcrumbs.default\">\n\t\t\t\t<div class=\"elementor-widget-container\">\n\t\t\t\t\t<div class=\"elementor-jet-breadcrumbs jet-blocks\">\n\t\t<div class=\"jet-breadcrumbs\">\n\t\t<div class=\"jet-breadcrumbs__content\">\n\t\t<div class=\"jet-breadcrumbs__wrap\"><div class=\"jet-breadcrumbs__item\"><a href=\"https:\/\/pisooka.eu\/pt\/\" class=\"jet-breadcrumbs__item-link is-home\" rel=\"home\" title=\"Lar\">Lar<\/a><\/div>\n\t\t<\/div>\n\t\t<\/div>\n\t\t<\/div><\/div>\t\t\t\t<\/div>\n\t\t\t\t<\/div>\n\t\t\t\t\t<\/div>\n\t\t<\/div>\n\t\t\t\t\t<\/div>\n\t\t<\/section>\n\t\t\t\t<section class=\"elementor-section elementor-top-section elementor-element elementor-element-611ae2d elementor-section-height-min-height elementor-section-boxed elementor-section-height-default elementor-section-items-middle\" data-id=\"611ae2d\" data-element_type=\"section\" data-e-type=\"section\" data-settings=\"{&quot;background_background&quot;:&quot;classic&quot;}\">\n\t\t\t\t\t\t\t<div class=\"elementor-background-overlay\"><\/div>\n\t\t\t\t\t\t\t<div class=\"elementor-container elementor-column-gap-default\">\n\t\t\t\t\t<div class=\"elementor-column elementor-col-100 elementor-top-column elementor-element elementor-element-8f125e3\" data-id=\"8f125e3\" data-element_type=\"column\" data-e-type=\"column\">\n\t\t\t<div class=\"elementor-widget-wrap elementor-element-populated\">\n\t\t\t\t\t\t<div class=\"elementor-element elementor-element-b17c34b elementor-widget elementor-widget-text-editor\" data-id=\"b17c34b\" data-element_type=\"widget\" data-e-type=\"widget\" data-widget_type=\"text-editor.default\">\n\t\t\t\t<div class=\"elementor-widget-container\">\n\t\t\t\t\t\t\t\t\t<p>Projeto Marte Co., Ltd.<\/p>\t\t\t\t\t\t\t\t<\/div>\n\t\t\t\t<\/div>\n\t\t\t\t<div class=\"elementor-element elementor-element-ad274d2 elementor-widget elementor-widget-heading\" data-id=\"ad274d2\" data-element_type=\"widget\" data-e-type=\"widget\" data-widget_type=\"heading.default\">\n\t\t\t\t<div class=\"elementor-widget-container\">\n\t\t\t\t\t<h1 class=\"elementor-heading-title elementor-size-default\">Notas de compra<\/h1>\t\t\t\t<\/div>\n\t\t\t\t<\/div>\n\t\t\t\t\t<\/div>\n\t\t<\/div>\n\t\t\t\t\t<\/div>\n\t\t<\/section>\n\t\t\t\t<section class=\"elementor-section elementor-top-section elementor-element elementor-element-24f03652 elementor-section-boxed elementor-section-height-default elementor-section-height-default\" data-id=\"24f03652\" data-element_type=\"section\" data-e-type=\"section\">\n\t\t\t\t\t\t<div class=\"elementor-container elementor-column-gap-default\">\n\t\t\t\t\t<div class=\"elementor-column elementor-col-100 elementor-top-column elementor-element elementor-element-2cbcaeba\" data-id=\"2cbcaeba\" data-element_type=\"column\" data-e-type=\"column\">\n\t\t\t<div class=\"elementor-widget-wrap elementor-element-populated\">\n\t\t\t\t\t\t<div class=\"elementor-element elementor-element-24dcaa5a elementor-widget elementor-widget-text-editor\" data-id=\"24dcaa5a\" data-element_type=\"widget\" data-e-type=\"widget\" data-widget_type=\"text-editor.default\">\n\t\t\t\t<div class=\"elementor-widget-container\">\n\t\t\t\t\t\t\t\t\t<p><\/p>\n<p>Voc\u00ea est\u00e1 convidado a experimentar e inspecionar os produtos. Para proteger seus direitos de consumo, leia atentamente os seguintes avisos:<\/p>\n<p>&lt;Exchange and Return Rules&gt;<br \/>A empresa reserva-se o direito de identificar o produto, salvo defeito do produto que possa ser imputado \u00e0 responsabilidade do lojista<br \/>1. Caso necessite de substituir o produto, s\u00f3 poder\u00e1 aceitar o produto e a embalagem em estado completo e limpo, no prazo de sete dias a contar da data de compra, mediante apresenta\u00e7\u00e3o da factura de compra \u00e0 nossa loja para substitui\u00e7\u00e3o.<\/p>\n<p>2. Ao substituir o produto, o pre\u00e7o ser\u00e1 tratado de acordo com o pre\u00e7o de venda no dia da substitui\u00e7\u00e3o.<br \/>(Ao trocar produtos de estilos diferentes, o pre\u00e7o na data da substitui\u00e7\u00e3o \u00e9 usado como refer\u00eancia. Se houver diferen\u00e7a de pre\u00e7o, compense a diferen\u00e7a na substitui\u00e7\u00e3o.)<\/p>\n<p>3. Devolu\u00e7\u00e3o \u2013 Devolva \u00e0 nossa loja com os seguintes documentos relevantes no prazo de sete dias a partir da data da compra.<br \/>Dinheiro \u2013 por favor, traga a nota fiscal do item de compra.<br \/>Cart\u00e3o de cr\u00e9dito \u2013 Traga a fatura, o cart\u00e3o de cr\u00e9dito e o boleto do cart\u00e3o de cr\u00e9dito do produto em compras.<\/p>\n<p>4. No entanto, devido \u00e0 considera\u00e7\u00e3o dos direitos de higiene do cliente, nenhum reembolso ou troca \u00e9 permitido para produtos de cabe\u00e7a de massagem puros.<\/p>\n<p>\u00b7A empresa reserva-se o direito de tomar a decis\u00e3o final sobre troca e devolu\u00e7\u00e3o e o direito de alterar as regras de troca e devolu\u00e7\u00e3o.<\/p>\n<p>outras considera\u00e7\u00f5es<br \/>Se houver um presente, ele n\u00e3o atende \u00e0s condi\u00e7\u00f5es do presente ap\u00f3s a devolu\u00e7\u00e3o do produto, devendo o presente ser anexado no momento da devolu\u00e7\u00e3o do produto.<\/p>\n<p><\/p>\t\t\t\t\t\t\t\t<\/div>\n\t\t\t\t<\/div>\n\t\t\t\t\t<\/div>\n\t\t<\/div>\n\t\t\t\t\t<\/div>\n\t\t<\/section>\n\t\t\t\t<\/div>","protected":false},"excerpt":{"rendered":"<p>Home Project Mars Co., Ltd. Purchase Notes You are welcome to experience and inspect the products. In order to protect your consumption rights, please read the following notices carefully: &lt;Exchange and Return Rules&gt;The company reserves the right to identify the product, except for the defect of the product that can be attributed to the store &hellip;<\/p>\n<p class=\"read-more\"> <a class=\"\" href=\"https:\/\/pisooka.eu\/pt\/experience-center-return-policy\/\"> <span class=\"screen-reader-text\">notas de compra<\/span> Consulte Mais informa\u00e7\u00e3o &quot;<\/a><\/p>","protected":false},"author":2603,"featured_media":0,"parent":0,"menu_order":0,"comment_status":"closed","ping_status":"closed","template":"elementor_header_footer","meta":{"site-sidebar-layout":"default","site-content-layout":"default","ast-global-header-display":"","ast-banner-title-visibility":"","ast-main-header-display":"","ast-hfb-above-header-display":"","ast-hfb-below-header-display":"","ast-hfb-mobile-header-display":"","site-post-title":"","ast-breadcrumbs-content":"","ast-featured-img":"","footer-sml-layout":"","theme-transparent-header-meta":"default","adv-header-id-meta":"","stick-header-meta":"","header-above-stick-meta":"","header-main-stick-meta":"","header-below-stick-meta":"","footnotes":""},"class_list":["post-27197","page","type-page","status-publish","hentry"],"_links":{"self":[{"href":"https:\/\/pisooka.eu\/pt\/wp-json\/wp\/v2\/pages\/27197","targetHints":{"allow":["GET"]}}],"collection":[{"href":"https:\/\/pisooka.eu\/pt\/wp-json\/wp\/v2\/pages"}],"about":[{"href":"https:\/\/pisooka.eu\/pt\/wp-json\/wp\/v2\/types\/page"}],"author":[{"embeddable":true,"href":"https:\/\/pisooka.eu\/pt\/wp-json\/wp\/v2\/users\/2603"}],"replies":[{"embeddable":true,"href":"https:\/\/pisooka.eu\/pt\/wp-json\/wp\/v2\/comments?post=27197"}],"version-history":[{"count":1,"href":"https:\/\/pisooka.eu\/pt\/wp-json\/wp\/v2\/pages\/27197\/revisions"}],"predecessor-version":[{"id":30489,"href":"https:\/\/pisooka.eu\/pt\/wp-json\/wp\/v2\/pages\/27197\/revisions\/30489"}],"wp:attachment":[{"href":"https:\/\/pisooka.eu\/pt\/wp-json\/wp\/v2\/media?parent=27197"}],"curies":[{"name":"wp","href":"https:\/\/api.w.org\/{rel}","templated":true}]}}