{"id":10329,"date":"2021-07-14T14:31:11","date_gmt":"2021-07-14T06:31:11","guid":{"rendered":"https:\/\/projectmars1.wpengine.com\/%e7%81%ab%e6%98%9f%e4%ba%ba%e8%a9%a6%e9%a9%97\/"},"modified":"2025-05-21T09:00:28","modified_gmt":"2025-05-21T08:00:28","slug":"sobre-nos","status":"publish","type":"page","link":"https:\/\/pisooka.eu\/pt\/sobre-nos\/","title":{"rendered":"sobre n\u00f3s"},"content":{"rendered":"<div data-elementor-type=\"wp-page\" data-elementor-id=\"10329\" class=\"elementor elementor-10329\" data-elementor-post-type=\"page\">\n\t\t\t\t\t\t<section class=\"elementor-section elementor-top-section elementor-element elementor-element-28155f5 elementor-section-full_width elementor-section-height-default elementor-section-height-default\" data-id=\"28155f5\" data-element_type=\"section\" data-e-type=\"section\">\n\t\t\t\t\t\t<div class=\"elementor-container elementor-column-gap-default\">\n\t\t\t\t\t<div class=\"elementor-column elementor-col-100 elementor-top-column elementor-element elementor-element-dd092ce\" data-id=\"dd092ce\" data-element_type=\"column\" data-e-type=\"column\">\n\t\t\t<div class=\"elementor-widget-wrap elementor-element-populated\">\n\t\t\t\t\t\t<div class=\"elementor-element elementor-element-f372c00 jet-breadcrumbs-on-front-yes jet-breadcrumbs-align-left elementor-widget elementor-widget-jet-breadcrumbs\" data-id=\"f372c00\" data-element_type=\"widget\" data-e-type=\"widget\" data-widget_type=\"jet-breadcrumbs.default\">\n\t\t\t\t<div class=\"elementor-widget-container\">\n\t\t\t\t\t<div class=\"elementor-jet-breadcrumbs jet-blocks\">\n\t\t<div class=\"jet-breadcrumbs\">\n\t\t<div class=\"jet-breadcrumbs__content\">\n\t\t<div class=\"jet-breadcrumbs__wrap\"><div class=\"jet-breadcrumbs__item\"><a href=\"https:\/\/pisooka.eu\/pt\/\" class=\"jet-breadcrumbs__item-link is-home\" rel=\"home\" title=\"Lar\">Lar<\/a><\/div>\n\t\t<\/div>\n\t\t<\/div>\n\t\t<\/div><\/div>\t\t\t\t<\/div>\n\t\t\t\t<\/div>\n\t\t\t\t\t<\/div>\n\t\t<\/div>\n\t\t\t\t\t<\/div>\n\t\t<\/section>\n\t\t\t\t<section class=\"elementor-section elementor-top-section elementor-element elementor-element-f6ef627 elementor-section-height-min-height elementor-section-boxed elementor-section-height-default elementor-section-items-middle\" data-id=\"f6ef627\" data-element_type=\"section\" data-e-type=\"section\" data-settings=\"{&quot;background_background&quot;:&quot;classic&quot;}\">\n\t\t\t\t\t\t\t<div class=\"elementor-background-overlay\"><\/div>\n\t\t\t\t\t\t\t<div class=\"elementor-container elementor-column-gap-default\">\n\t\t\t\t\t<div class=\"elementor-column elementor-col-100 elementor-top-column elementor-element elementor-element-047bf89\" data-id=\"047bf89\" data-element_type=\"column\" data-e-type=\"column\">\n\t\t\t<div class=\"elementor-widget-wrap elementor-element-populated\">\n\t\t\t\t\t\t<div class=\"elementor-element elementor-element-b438cc8 elementor-widget elementor-widget-text-editor\" data-id=\"b438cc8\" data-element_type=\"widget\" data-e-type=\"widget\" data-widget_type=\"text-editor.default\">\n\t\t\t\t<div class=\"elementor-widget-container\">\n\t\t\t\t\t\t\t\t\t<p>Projeto Marte\u00a0<\/p>\t\t\t\t\t\t\t\t<\/div>\n\t\t\t\t<\/div>\n\t\t\t\t<div class=\"elementor-element elementor-element-8027f66 elementor-widget elementor-widget-heading\" data-id=\"8027f66\" data-element_type=\"widget\" data-e-type=\"widget\" data-widget_type=\"heading.default\">\n\t\t\t\t<div class=\"elementor-widget-container\">\n\t\t\t\t\t<h1 class=\"elementor-heading-title elementor-size-default\">sobre n\u00f3s<\/h1>\t\t\t\t<\/div>\n\t\t\t\t<\/div>\n\t\t\t\t\t<\/div>\n\t\t<\/div>\n\t\t\t\t\t<\/div>\n\t\t<\/section>\n\t\t\t\t<section class=\"elementor-section elementor-top-section elementor-element elementor-element-1465d0a elementor-section-boxed elementor-section-height-default elementor-section-height-default\" data-id=\"1465d0a\" data-element_type=\"section\" data-e-type=\"section\" data-settings=\"{&quot;background_background&quot;:&quot;classic&quot;}\">\n\t\t\t\t\t\t<div class=\"elementor-container elementor-column-gap-default\">\n\t\t\t\t\t<div class=\"elementor-column elementor-col-50 elementor-top-column elementor-element elementor-element-2f4f551a\" data-id=\"2f4f551a\" data-element_type=\"column\" data-e-type=\"column\" data-settings=\"{&quot;background_background&quot;:&quot;classic&quot;}\">\n\t\t\t<div class=\"elementor-widget-wrap elementor-element-populated\">\n\t\t\t\t\t<div class=\"elementor-background-overlay\"><\/div>\n\t\t\t\t\t\t<div class=\"elementor-element elementor-element-29a32c0e elementor-widget elementor-widget-image\" data-id=\"29a32c0e\" data-element_type=\"widget\" data-e-type=\"widget\" data-widget_type=\"image.default\">\n\t\t\t\t<div class=\"elementor-widget-container\">\n\t\t\t\t\t\t\t\t\t\t\t\t<figure class=\"wp-caption\">\n\t\t\t\t\t\t\t\t\t\t<img fetchpriority=\"high\" decoding=\"async\" width=\"2560\" height=\"1707\" src=\"https:\/\/pisooka.eu\/wp-content\/uploads\/2023\/01\/DSC05433-scaled.jpg\" class=\"attachment-full size-full wp-image-29932\" alt=\"pisooka mini pistola de massagem\" srcset=\"https:\/\/pisooka.eu\/wp-content\/uploads\/2023\/01\/DSC05433-scaled.jpg 2560w, https:\/\/pisooka.eu\/wp-content\/uploads\/2023\/01\/DSC05433-400x267.jpg 400w, https:\/\/pisooka.eu\/wp-content\/uploads\/2023\/01\/DSC05433-1200x800.jpg 1200w, https:\/\/pisooka.eu\/wp-content\/uploads\/2023\/01\/DSC05433-768x512.jpg 768w, https:\/\/pisooka.eu\/wp-content\/uploads\/2023\/01\/DSC05433-1536x1024.jpg 1536w, https:\/\/pisooka.eu\/wp-content\/uploads\/2023\/01\/DSC05433-2048x1365.jpg 2048w, https:\/\/pisooka.eu\/wp-content\/uploads\/2023\/01\/DSC05433-18x12.jpg 18w, https:\/\/pisooka.eu\/wp-content\/uploads\/2023\/01\/DSC05433-900x600.jpg 900w\" sizes=\"(max-width: 2560px) 100vw, 2560px\" title=\"pisooka mini pistola de massagem\">\t\t\t\t\t\t\t\t\t\t\t<figcaption class=\"widget-image-caption wp-caption-text\"><\/figcaption>\n\t\t\t\t\t\t\t\t\t\t<\/figure>\n\t\t\t\t\t\t\t\t\t<\/div>\n\t\t\t\t<\/div>\n\t\t\t\t\t<\/div>\n\t\t<\/div>\n\t\t\t\t<div class=\"elementor-column elementor-col-50 elementor-top-column elementor-element elementor-element-6ad9b95f\" data-id=\"6ad9b95f\" data-element_type=\"column\" data-e-type=\"column\">\n\t\t\t<div class=\"elementor-widget-wrap elementor-element-populated\">\n\t\t\t\t\t\t<div class=\"elementor-element elementor-element-66f57d18 elementor-widget elementor-widget-heading\" data-id=\"66f57d18\" data-element_type=\"widget\" data-e-type=\"widget\" data-widget_type=\"heading.default\">\n\t\t\t\t<div class=\"elementor-widget-container\">\n\t\t\t\t\t<h2 class=\"elementor-heading-title elementor-size-default\">tornar a massagem mais f\u00e1cil<br>\nUM FUTURO SAUD\u00c1VEL, ADQUIRA AGORA<\/h2>\t\t\t\t<\/div>\n\t\t\t\t<\/div>\n\t\t\t\t<div class=\"elementor-element elementor-element-240e7507 elementor-widget elementor-widget-text-editor\" data-id=\"240e7507\" data-element_type=\"widget\" data-e-type=\"widget\" data-widget_type=\"text-editor.default\">\n\t\t\t\t<div class=\"elementor-widget-container\">\n\t\t\t\t\t\t\t\t\t<p class=\"\" data-start=\"251\" data-end=\"523\">Na PISOOKA, somos mais do que uma marca de bem-estar - somos pioneiros no tratamento da f\u00e1scia e l\u00edderes em terapia de percuss\u00e3o e vibra\u00e7\u00e3o. Com um profundo conhecimento da ci\u00eancia da f\u00e1scia e da recupera\u00e7\u00e3o muscular, concebemos pistolas de massagem de alto desempenho em que os profissionais confiam e que os utilizadores comuns adoram.<\/p><p class=\"\" data-start=\"525\" data-end=\"580\"><strong data-start=\"525\" data-end=\"580\">Somos os pioneiros da pistola de f\u00e1scia. Os especialistas em f\u00e1scia.<\/strong><\/p><p class=\"\" data-start=\"582\" data-end=\"835\">A nossa miss\u00e3o \u00e9 simples: ajudar as pessoas a moverem-se melhor, a recuperarem mais rapidamente e a sentirem-se mais fortes todos os dias. Projetado em Taiwan e testado por atletas, terapeutas e estilos de vida ativos em todo o mundo, cada dispositivo PISOOKA oferece precis\u00e3o, pot\u00eancia e resultados comprovados.<\/p>\t\t\t\t\t\t\t\t<\/div>\n\t\t\t\t<\/div>\n\t\t\t\t\t<\/div>\n\t\t<\/div>\n\t\t\t\t\t<\/div>\n\t\t<\/section>\n\t\t\t\t<section class=\"elementor-section elementor-top-section elementor-element elementor-element-9117efa elementor-section-full_width elementor-section-height-min-height elementor-section-height-default elementor-section-items-middle\" data-id=\"9117efa\" data-element_type=\"section\" data-e-type=\"section\" data-settings=\"{&quot;background_background&quot;:&quot;classic&quot;}\">\n\t\t\t\t\t\t\t<div class=\"elementor-background-overlay\"><\/div>\n\t\t\t\t\t\t\t<div class=\"elementor-container elementor-column-gap-default\">\n\t\t\t\t\t<div class=\"elementor-column elementor-col-100 elementor-top-column elementor-element elementor-element-eb2d69f\" data-id=\"eb2d69f\" data-element_type=\"column\" data-e-type=\"column\">\n\t\t\t<div class=\"elementor-widget-wrap elementor-element-populated\">\n\t\t\t\t\t\t<div class=\"elementor-element elementor-element-b6e0c59 elementor-widget elementor-widget-heading\" data-id=\"b6e0c59\" data-element_type=\"widget\" data-e-type=\"widget\" data-widget_type=\"heading.default\">\n\t\t\t\t<div class=\"elementor-widget-container\">\n\t\t\t\t\t<h4 class=\"elementor-heading-title elementor-size-default\">Qualidade, sem compromisso<\/h4>\t\t\t\t<\/div>\n\t\t\t\t<\/div>\n\t\t\t\t<div class=\"elementor-element elementor-element-1bdb0e8 elementor-align-center elementor-widget elementor-widget-button\" data-id=\"1bdb0e8\" data-element_type=\"widget\" data-e-type=\"widget\" data-widget_type=\"button.default\">\n\t\t\t\t<div class=\"elementor-widget-container\">\n\t\t\t\t\t\t\t\t\t<div class=\"elementor-button-wrapper\">\n\t\t\t\t\t<a class=\"elementor-button elementor-button-link elementor-size-sm elementor-animation-float\" href=\"\/pt\/shop\/\">\n\t\t\t\t\t\t<span class=\"elementor-button-content-wrapper\">\n\t\t\t\t\t\t\t\t\t<span class=\"elementor-button-text\">Compre agora<\/span>\n\t\t\t\t\t<\/span>\n\t\t\t\t\t<\/a>\n\t\t\t\t<\/div>\n\t\t\t\t\t\t\t\t<\/div>\n\t\t\t\t<\/div>\n\t\t\t\t\t<\/div>\n\t\t<\/div>\n\t\t\t\t\t<\/div>\n\t\t<\/section>\n\t\t\t\t<\/div>","protected":false},"excerpt":{"rendered":"<p>Home Project Mars\u00a0 about us Make massage easier A HEALTHY FUTURE, OWN NOW At PISOOKA, we are more than a wellness brand \u2014 we are pioneers in fascia care and leaders in percussive and vibration therapy. With a deep understanding of fascia science and muscle recovery, we design high-performance massage guns trusted by professionals and &hellip;<\/p>\n<p class=\"read-more\"> <a class=\"\" href=\"https:\/\/pisooka.eu\/pt\/sobre-nos\/\"> <span class=\"screen-reader-text\">sobre n\u00f3s<\/span> Consulte Mais informa\u00e7\u00e3o &quot;<\/a><\/p>","protected":false},"author":2603,"featured_media":0,"parent":0,"menu_order":0,"comment_status":"closed","ping_status":"closed","template":"elementor_header_footer","meta":{"site-sidebar-layout":"default","site-content-layout":"default","ast-global-header-display":"","ast-banner-title-visibility":"","ast-main-header-display":"","ast-hfb-above-header-display":"","ast-hfb-below-header-display":"","ast-hfb-mobile-header-display":"","site-post-title":"","ast-breadcrumbs-content":"","ast-featured-img":"","footer-sml-layout":"","theme-transparent-header-meta":"default","adv-header-id-meta":"","stick-header-meta":"","header-above-stick-meta":"","header-main-stick-meta":"","header-below-stick-meta":"","footnotes":""},"class_list":["post-10329","page","type-page","status-publish","hentry"],"_links":{"self":[{"href":"https:\/\/pisooka.eu\/pt\/wp-json\/wp\/v2\/pages\/10329","targetHints":{"allow":["GET"]}}],"collection":[{"href":"https:\/\/pisooka.eu\/pt\/wp-json\/wp\/v2\/pages"}],"about":[{"href":"https:\/\/pisooka.eu\/pt\/wp-json\/wp\/v2\/types\/page"}],"author":[{"embeddable":true,"href":"https:\/\/pisooka.eu\/pt\/wp-json\/wp\/v2\/users\/2603"}],"replies":[{"embeddable":true,"href":"https:\/\/pisooka.eu\/pt\/wp-json\/wp\/v2\/comments?post=10329"}],"version-history":[{"count":14,"href":"https:\/\/pisooka.eu\/pt\/wp-json\/wp\/v2\/pages\/10329\/revisions"}],"predecessor-version":[{"id":30820,"href":"https:\/\/pisooka.eu\/pt\/wp-json\/wp\/v2\/pages\/10329\/revisions\/30820"}],"wp:attachment":[{"href":"https:\/\/pisooka.eu\/pt\/wp-json\/wp\/v2\/media?parent=10329"}],"curies":[{"name":"wp","href":"https:\/\/api.w.org\/{rel}","templated":true}]}}