{"id":27197,"date":"2022-08-05T16:41:18","date_gmt":"2022-08-05T08:41:18","guid":{"rendered":"https:\/\/pisooka.eu\/%e9%9a%b1%e7%a7%81%e6%94%bf%e7%ad%96\/"},"modified":"2023-04-25T17:55:07","modified_gmt":"2023-04-25T16:55:07","slug":"polityka-zwrotow-experience-center","status":"publish","type":"page","link":"https:\/\/pisooka.eu\/pl\/polityka-zwrotow-experience-center\/","title":{"rendered":"uwagi do zakupu"},"content":{"rendered":"<div data-elementor-type=\"wp-page\" data-elementor-id=\"27197\" class=\"elementor elementor-27197\" data-elementor-post-type=\"page\">\n\t\t\t\t\t\t<section class=\"elementor-section elementor-top-section elementor-element elementor-element-76f60bd elementor-section-full_width elementor-section-height-default elementor-section-height-default\" data-id=\"76f60bd\" data-element_type=\"section\" data-e-type=\"section\">\n\t\t\t\t\t\t<div class=\"elementor-container elementor-column-gap-default\">\n\t\t\t\t\t<div class=\"elementor-column elementor-col-100 elementor-top-column elementor-element elementor-element-172b02a\" data-id=\"172b02a\" data-element_type=\"column\" data-e-type=\"column\">\n\t\t\t<div class=\"elementor-widget-wrap elementor-element-populated\">\n\t\t\t\t\t\t<div class=\"elementor-element elementor-element-570d9c6 jet-breadcrumbs-on-front-yes jet-breadcrumbs-align-left elementor-widget elementor-widget-jet-breadcrumbs\" data-id=\"570d9c6\" data-element_type=\"widget\" data-e-type=\"widget\" data-widget_type=\"jet-breadcrumbs.default\">\n\t\t\t\t<div class=\"elementor-widget-container\">\n\t\t\t\t\t<div class=\"elementor-jet-breadcrumbs jet-blocks\">\n\t\t<div class=\"jet-breadcrumbs\">\n\t\t<div class=\"jet-breadcrumbs__content\">\n\t\t<div class=\"jet-breadcrumbs__wrap\"><div class=\"jet-breadcrumbs__item\"><a href=\"https:\/\/pisooka.eu\/pl\/\" class=\"jet-breadcrumbs__item-link is-home\" rel=\"home\" title=\"Strona g\u0142\u00f3wna\">Strona g\u0142\u00f3wna<\/a><\/div>\n\t\t<\/div>\n\t\t<\/div>\n\t\t<\/div><\/div>\t\t\t\t<\/div>\n\t\t\t\t<\/div>\n\t\t\t\t\t<\/div>\n\t\t<\/div>\n\t\t\t\t\t<\/div>\n\t\t<\/section>\n\t\t\t\t<section class=\"elementor-section elementor-top-section elementor-element elementor-element-611ae2d elementor-section-height-min-height elementor-section-boxed elementor-section-height-default elementor-section-items-middle\" data-id=\"611ae2d\" data-element_type=\"section\" data-e-type=\"section\" data-settings=\"{&quot;background_background&quot;:&quot;classic&quot;}\">\n\t\t\t\t\t\t\t<div class=\"elementor-background-overlay\"><\/div>\n\t\t\t\t\t\t\t<div class=\"elementor-container elementor-column-gap-default\">\n\t\t\t\t\t<div class=\"elementor-column elementor-col-100 elementor-top-column elementor-element elementor-element-8f125e3\" data-id=\"8f125e3\" data-element_type=\"column\" data-e-type=\"column\">\n\t\t\t<div class=\"elementor-widget-wrap elementor-element-populated\">\n\t\t\t\t\t\t<div class=\"elementor-element elementor-element-b17c34b elementor-widget elementor-widget-text-editor\" data-id=\"b17c34b\" data-element_type=\"widget\" data-e-type=\"widget\" data-widget_type=\"text-editor.default\">\n\t\t\t\t<div class=\"elementor-widget-container\">\n\t\t\t\t\t\t\t\t\t<p>Project Mars Co., Ltd.<\/p>\t\t\t\t\t\t\t\t<\/div>\n\t\t\t\t<\/div>\n\t\t\t\t<div class=\"elementor-element elementor-element-ad274d2 elementor-widget elementor-widget-heading\" data-id=\"ad274d2\" data-element_type=\"widget\" data-e-type=\"widget\" data-widget_type=\"heading.default\">\n\t\t\t\t<div class=\"elementor-widget-container\">\n\t\t\t\t\t<h1 class=\"elementor-heading-title elementor-size-default\">Uwagi dotycz\u0105ce zakupu<\/h1>\t\t\t\t<\/div>\n\t\t\t\t<\/div>\n\t\t\t\t\t<\/div>\n\t\t<\/div>\n\t\t\t\t\t<\/div>\n\t\t<\/section>\n\t\t\t\t<section class=\"elementor-section elementor-top-section elementor-element elementor-element-24f03652 elementor-section-boxed elementor-section-height-default elementor-section-height-default\" data-id=\"24f03652\" data-element_type=\"section\" data-e-type=\"section\">\n\t\t\t\t\t\t<div class=\"elementor-container elementor-column-gap-default\">\n\t\t\t\t\t<div class=\"elementor-column elementor-col-100 elementor-top-column elementor-element elementor-element-2cbcaeba\" data-id=\"2cbcaeba\" data-element_type=\"column\" data-e-type=\"column\">\n\t\t\t<div class=\"elementor-widget-wrap elementor-element-populated\">\n\t\t\t\t\t\t<div class=\"elementor-element elementor-element-24dcaa5a elementor-widget elementor-widget-text-editor\" data-id=\"24dcaa5a\" data-element_type=\"widget\" data-e-type=\"widget\" data-widget_type=\"text-editor.default\">\n\t\t\t\t<div class=\"elementor-widget-container\">\n\t\t\t\t\t\t\t\t\t<p><\/p>\n<p>Zapraszamy do zapoznania si\u0119 i sprawdzenia produkt\u00f3w. Aby chroni\u0107 swoje prawa do konsumpcji, prosimy o uwa\u017cne przeczytanie poni\u017cszych uwag:<\/p>\n<p>&lt;Exchange and Return Rules&gt;<br \/>Firma zastrzega sobie prawo do identyfikacji produktu, z wyj\u0105tkiem wady produktu, kt\u00f3r\u0105 mo\u017cna przypisa\u0107 odpowiedzialno\u015bci w\u0142a\u015bciciela sklepu<br \/>1. W przypadku konieczno\u015bci wymiany produktu, mo\u017cna przyj\u0105\u0107 produkt i opakowanie w stanie kompletnym i czystym, w ci\u0105gu siedmiu dni od daty zakupu, wraz z faktur\u0105 zakupu do naszego sklepu w celu wymiany.<\/p>\n<p>2. W przypadku wymiany produktu cena zostanie ustalona zgodnie z cen\u0105 sprzeda\u017cy w dniu wymiany.<br \/>(W przypadku wymiany produkt\u00f3w o r\u00f3\u017cnych stylach jako punkt odniesienia stosowana jest cena z dnia wymiany. Je\u015bli istnieje r\u00f3\u017cnica w cenie, nale\u017cy j\u0105 zrekompensowa\u0107 podczas wymiany).<\/p>\n<p>3. Zwrot - Prosimy o zwrot do naszego sklepu wraz z nast\u0119puj\u0105cymi odpowiednimi dokumentami w ci\u0105gu siedmiu dni od daty zakupu.<br \/>Got\u00f3wka - prosimy o przyniesienie faktury za zakupy.<br \/>Karta kredytowa - Prosimy o przyniesienie faktury, karty kredytowej i dowodu p\u0142atno\u015bci kart\u0105 kredytow\u0105 za zakupiony produkt.<\/p>\n<p>4. Jednak ze wzgl\u0119du na prawo klienta do higieny, zwroty lub wymiany nie s\u0105 dozwolone w przypadku czystych produkt\u00f3w do masa\u017cu g\u0142owy.<\/p>\n<p>-Firma zastrzega sobie prawo do podj\u0119cia ostatecznej decyzji w sprawie wymiany i zwrotu oraz prawo do zmiany zasad wymiany i zwrotu.<\/p>\n<p>inne kwestie<br \/>Je\u015bli produkt jest prezentem, nie spe\u0142nia on warunk\u00f3w prezentu po zwrocie produktu, a prezent musi zosta\u0107 do\u0142\u0105czony przy zwrocie produktu.<\/p>\n<p><\/p>\t\t\t\t\t\t\t\t<\/div>\n\t\t\t\t<\/div>\n\t\t\t\t\t<\/div>\n\t\t<\/div>\n\t\t\t\t\t<\/div>\n\t\t<\/section>\n\t\t\t\t<\/div>","protected":false},"excerpt":{"rendered":"<p>Home Project Mars Co., Ltd. Purchase Notes You are welcome to experience and inspect the products. In order to protect your consumption rights, please read the following notices carefully: &lt;Exchange and Return Rules&gt;The company reserves the right to identify the product, except for the defect of the product that can be attributed to the store &hellip;<\/p>\n<p class=\"read-more\"> <a class=\"\" href=\"https:\/\/pisooka.eu\/pl\/polityka-zwrotow-experience-center\/\"> <span class=\"screen-reader-text\">uwagi do zakupu<\/span> Read More &raquo;<\/a><\/p>","protected":false},"author":2603,"featured_media":0,"parent":0,"menu_order":0,"comment_status":"closed","ping_status":"closed","template":"elementor_header_footer","meta":{"site-sidebar-layout":"default","site-content-layout":"default","ast-global-header-display":"","ast-banner-title-visibility":"","ast-main-header-display":"","ast-hfb-above-header-display":"","ast-hfb-below-header-display":"","ast-hfb-mobile-header-display":"","site-post-title":"","ast-breadcrumbs-content":"","ast-featured-img":"","footer-sml-layout":"","theme-transparent-header-meta":"default","adv-header-id-meta":"","stick-header-meta":"","header-above-stick-meta":"","header-main-stick-meta":"","header-below-stick-meta":"","footnotes":""},"class_list":["post-27197","page","type-page","status-publish","hentry"],"_links":{"self":[{"href":"https:\/\/pisooka.eu\/pl\/wp-json\/wp\/v2\/pages\/27197","targetHints":{"allow":["GET"]}}],"collection":[{"href":"https:\/\/pisooka.eu\/pl\/wp-json\/wp\/v2\/pages"}],"about":[{"href":"https:\/\/pisooka.eu\/pl\/wp-json\/wp\/v2\/types\/page"}],"author":[{"embeddable":true,"href":"https:\/\/pisooka.eu\/pl\/wp-json\/wp\/v2\/users\/2603"}],"replies":[{"embeddable":true,"href":"https:\/\/pisooka.eu\/pl\/wp-json\/wp\/v2\/comments?post=27197"}],"version-history":[{"count":1,"href":"https:\/\/pisooka.eu\/pl\/wp-json\/wp\/v2\/pages\/27197\/revisions"}],"predecessor-version":[{"id":30489,"href":"https:\/\/pisooka.eu\/pl\/wp-json\/wp\/v2\/pages\/27197\/revisions\/30489"}],"wp:attachment":[{"href":"https:\/\/pisooka.eu\/pl\/wp-json\/wp\/v2\/media?parent=27197"}],"curies":[{"name":"wp","href":"https:\/\/api.w.org\/{rel}","templated":true}]}}