{"id":27197,"date":"2022-08-05T16:41:18","date_gmt":"2022-08-05T08:41:18","guid":{"rendered":"https:\/\/pisooka.eu\/%e9%9a%b1%e7%a7%81%e6%94%bf%e7%ad%96\/"},"modified":"2023-04-25T17:55:07","modified_gmt":"2023-04-25T16:55:07","slug":"experience-center-return-policy","status":"publish","type":"page","link":"https:\/\/pisooka.eu\/fr\/experience-center-return-policy\/","title":{"rendered":"notes d&#039;achat"},"content":{"rendered":"<div data-elementor-type=\"wp-page\" data-elementor-id=\"27197\" class=\"elementor elementor-27197\" data-elementor-post-type=\"page\">\n\t\t\t\t\t\t<section class=\"elementor-section elementor-top-section elementor-element elementor-element-76f60bd elementor-section-full_width elementor-section-height-default elementor-section-height-default\" data-id=\"76f60bd\" data-element_type=\"section\" data-e-type=\"section\">\n\t\t\t\t\t\t<div class=\"elementor-container elementor-column-gap-default\">\n\t\t\t\t\t<div class=\"elementor-column elementor-col-100 elementor-top-column elementor-element elementor-element-172b02a\" data-id=\"172b02a\" data-element_type=\"column\" data-e-type=\"column\">\n\t\t\t<div class=\"elementor-widget-wrap elementor-element-populated\">\n\t\t\t\t\t\t<div class=\"elementor-element elementor-element-570d9c6 jet-breadcrumbs-on-front-yes jet-breadcrumbs-align-left elementor-widget elementor-widget-jet-breadcrumbs\" data-id=\"570d9c6\" data-element_type=\"widget\" data-e-type=\"widget\" data-widget_type=\"jet-breadcrumbs.default\">\n\t\t\t\t<div class=\"elementor-widget-container\">\n\t\t\t\t\t<div class=\"elementor-jet-breadcrumbs jet-blocks\">\n\t\t<div class=\"jet-breadcrumbs\">\n\t\t<div class=\"jet-breadcrumbs__content\">\n\t\t<div class=\"jet-breadcrumbs__wrap\"><div class=\"jet-breadcrumbs__item\"><a href=\"https:\/\/pisooka.eu\/fr\/\" class=\"jet-breadcrumbs__item-link is-home\" rel=\"home\" title=\"Maison\">Maison<\/a><\/div>\n\t\t<\/div>\n\t\t<\/div>\n\t\t<\/div><\/div>\t\t\t\t<\/div>\n\t\t\t\t<\/div>\n\t\t\t\t\t<\/div>\n\t\t<\/div>\n\t\t\t\t\t<\/div>\n\t\t<\/section>\n\t\t\t\t<section class=\"elementor-section elementor-top-section elementor-element elementor-element-611ae2d elementor-section-height-min-height elementor-section-boxed elementor-section-height-default elementor-section-items-middle\" data-id=\"611ae2d\" data-element_type=\"section\" data-e-type=\"section\" data-settings=\"{&quot;background_background&quot;:&quot;classic&quot;}\">\n\t\t\t\t\t\t\t<div class=\"elementor-background-overlay\"><\/div>\n\t\t\t\t\t\t\t<div class=\"elementor-container elementor-column-gap-default\">\n\t\t\t\t\t<div class=\"elementor-column elementor-col-100 elementor-top-column elementor-element elementor-element-8f125e3\" data-id=\"8f125e3\" data-element_type=\"column\" data-e-type=\"column\">\n\t\t\t<div class=\"elementor-widget-wrap elementor-element-populated\">\n\t\t\t\t\t\t<div class=\"elementor-element elementor-element-b17c34b elementor-widget elementor-widget-text-editor\" data-id=\"b17c34b\" data-element_type=\"widget\" data-e-type=\"widget\" data-widget_type=\"text-editor.default\">\n\t\t\t\t<div class=\"elementor-widget-container\">\n\t\t\t\t\t\t\t\t\t<p>Projet Mars Co., Ltd.<\/p>\t\t\t\t\t\t\t\t<\/div>\n\t\t\t\t<\/div>\n\t\t\t\t<div class=\"elementor-element elementor-element-ad274d2 elementor-widget elementor-widget-heading\" data-id=\"ad274d2\" data-element_type=\"widget\" data-e-type=\"widget\" data-widget_type=\"heading.default\">\n\t\t\t\t<div class=\"elementor-widget-container\">\n\t\t\t\t\t<h1 class=\"elementor-heading-title elementor-size-default\">Notes d&#039;achat<\/h1>\t\t\t\t<\/div>\n\t\t\t\t<\/div>\n\t\t\t\t\t<\/div>\n\t\t<\/div>\n\t\t\t\t\t<\/div>\n\t\t<\/section>\n\t\t\t\t<section class=\"elementor-section elementor-top-section elementor-element elementor-element-24f03652 elementor-section-boxed elementor-section-height-default elementor-section-height-default\" data-id=\"24f03652\" data-element_type=\"section\" data-e-type=\"section\">\n\t\t\t\t\t\t<div class=\"elementor-container elementor-column-gap-default\">\n\t\t\t\t\t<div class=\"elementor-column elementor-col-100 elementor-top-column elementor-element elementor-element-2cbcaeba\" data-id=\"2cbcaeba\" data-element_type=\"column\" data-e-type=\"column\">\n\t\t\t<div class=\"elementor-widget-wrap elementor-element-populated\">\n\t\t\t\t\t\t<div class=\"elementor-element elementor-element-24dcaa5a elementor-widget elementor-widget-text-editor\" data-id=\"24dcaa5a\" data-element_type=\"widget\" data-e-type=\"widget\" data-widget_type=\"text-editor.default\">\n\t\t\t\t<div class=\"elementor-widget-container\">\n\t\t\t\t\t\t\t\t\t<p><\/p>\n<p>Vous \u00eates invit\u00e9s \u00e0 d\u00e9couvrir et \u00e0 inspecter les produits. Afin de prot\u00e9ger vos droits de consommation, veuillez lire attentivement les avis suivants\u00a0:<\/p>\n<p>&lt;Exchange and Return Rules&gt;<br \/>La soci\u00e9t\u00e9 se r\u00e9serve le droit d&#039;identifier le produit, \u00e0 l&#039;exception du d\u00e9faut du produit pouvant \u00eatre attribu\u00e9 \u00e0 la responsabilit\u00e9 du propri\u00e9taire du magasin<br \/>1. Si vous devez remplacer le produit, vous ne pouvez accepter le produit et l&#039;emballage que dans un \u00e9tat complet et propre, dans les sept jours \u00e0 compter de la date d&#039;achat, avec la facture d&#039;achat \u00e0 notre magasin pour remplacement.<\/p>\n<p>2. Lors du remplacement du produit, le prix sera trait\u00e9 en fonction du prix de vente au jour du remplacement.<br \/>(Lorsque vous changez de produits de styles diff\u00e9rents, le prix \u00e0 la date de remplacement est utilis\u00e9 comme r\u00e9f\u00e9rence. S&#039;il y a une diff\u00e9rence de prix, veuillez compenser la diff\u00e9rence de remplacement.)<\/p>\n<p>3. Retour - Veuillez retourner \u00e0 notre magasin avec les documents pertinents suivants dans les sept jours suivant la date d&#039;achat.<br \/>Esp\u00e8ces - veuillez apporter la facture de l&#039;article d&#039;achat.<br \/>Carte de cr\u00e9dit \u2013 Veuillez apporter la facture, la carte de cr\u00e9dit et le bordereau de paiement de la carte de cr\u00e9dit du produit achet\u00e9.<\/p>\n<p>4. Cependant, en raison de la prise en compte des droits d&#039;hygi\u00e8ne des clients, aucun remboursement ou \u00e9change n&#039;est autoris\u00e9 pour les produits de t\u00eate de massage purs.<\/p>\n<p>\u00b7 La soci\u00e9t\u00e9 se r\u00e9serve le droit de prendre la d\u00e9cision finale sur l&#039;\u00e9change et le retour et le droit de modifier les r\u00e8gles d&#039;\u00e9change et de retour.<\/p>\n<p>autres consid\u00e9rations<br \/>S&#039;il y a un cadeau, il ne remplit pas les conditions du cadeau apr\u00e8s le retour du produit, et le cadeau doit \u00eatre joint lors du retour du produit.<\/p>\n<p><\/p>\t\t\t\t\t\t\t\t<\/div>\n\t\t\t\t<\/div>\n\t\t\t\t\t<\/div>\n\t\t<\/div>\n\t\t\t\t\t<\/div>\n\t\t<\/section>\n\t\t\t\t<\/div>","protected":false},"excerpt":{"rendered":"<p>Home Project Mars Co., Ltd. Purchase Notes You are welcome to experience and inspect the products. In order to protect your consumption rights, please read the following notices carefully: &lt;Exchange and Return Rules&gt;The company reserves the right to identify the product, except for the defect of the product that can be attributed to the store &hellip;<\/p>\n<p class=\"read-more\"> <a class=\"\" href=\"https:\/\/pisooka.eu\/fr\/experience-center-return-policy\/\"> <span class=\"screen-reader-text\">notes d&#039;achat<\/span> Lire la suite \u00bb<\/a><\/p>","protected":false},"author":2603,"featured_media":0,"parent":0,"menu_order":0,"comment_status":"closed","ping_status":"closed","template":"elementor_header_footer","meta":{"site-sidebar-layout":"default","site-content-layout":"default","ast-global-header-display":"","ast-banner-title-visibility":"","ast-main-header-display":"","ast-hfb-above-header-display":"","ast-hfb-below-header-display":"","ast-hfb-mobile-header-display":"","site-post-title":"","ast-breadcrumbs-content":"","ast-featured-img":"","footer-sml-layout":"","theme-transparent-header-meta":"default","adv-header-id-meta":"","stick-header-meta":"","header-above-stick-meta":"","header-main-stick-meta":"","header-below-stick-meta":"","footnotes":""},"class_list":["post-27197","page","type-page","status-publish","hentry"],"_links":{"self":[{"href":"https:\/\/pisooka.eu\/fr\/wp-json\/wp\/v2\/pages\/27197","targetHints":{"allow":["GET"]}}],"collection":[{"href":"https:\/\/pisooka.eu\/fr\/wp-json\/wp\/v2\/pages"}],"about":[{"href":"https:\/\/pisooka.eu\/fr\/wp-json\/wp\/v2\/types\/page"}],"author":[{"embeddable":true,"href":"https:\/\/pisooka.eu\/fr\/wp-json\/wp\/v2\/users\/2603"}],"replies":[{"embeddable":true,"href":"https:\/\/pisooka.eu\/fr\/wp-json\/wp\/v2\/comments?post=27197"}],"version-history":[{"count":1,"href":"https:\/\/pisooka.eu\/fr\/wp-json\/wp\/v2\/pages\/27197\/revisions"}],"predecessor-version":[{"id":30489,"href":"https:\/\/pisooka.eu\/fr\/wp-json\/wp\/v2\/pages\/27197\/revisions\/30489"}],"wp:attachment":[{"href":"https:\/\/pisooka.eu\/fr\/wp-json\/wp\/v2\/media?parent=27197"}],"curies":[{"name":"wp","href":"https:\/\/api.w.org\/{rel}","templated":true}]}}