{"id":26631,"date":"2021-09-03T14:59:03","date_gmt":"2021-09-03T06:59:03","guid":{"rendered":"https:\/\/pisooka.eu\/?post_type=product&#038;p=26631"},"modified":"2023-03-30T22:00:41","modified_gmt":"2023-03-30T21:00:41","slug":"pisooka-siliconehead","status":"publish","type":"product","link":"https:\/\/pisooka.eu\/es\/product\/pisooka-siliconehead\/","title":{"rendered":"Pisooka X<br>Paquete de 4 cabezales de masaje de silicona"},"content":{"rendered":"<div data-elementor-type=\"product-post\" data-elementor-id=\"26631\" class=\"elementor elementor-26631\" data-elementor-post-type=\"product\">\n\t\t\t\t\t\t<section class=\"elementor-section elementor-top-section elementor-element elementor-element-febac8c elementor-section-boxed elementor-section-height-default elementor-section-height-default\" data-id=\"febac8c\" data-element_type=\"section\" data-e-type=\"section\">\n\t\t\t\t\t\t<div class=\"elementor-container elementor-column-gap-default\">\n\t\t\t\t\t<div class=\"elementor-column elementor-col-100 elementor-top-column elementor-element elementor-element-0226bd9\" data-id=\"0226bd9\" data-element_type=\"column\" data-e-type=\"column\">\n\t\t\t<div class=\"elementor-widget-wrap elementor-element-populated\">\n\t\t\t\t\t\t<div class=\"elementor-element elementor-element-e47b21f elementor-widget elementor-widget-image\" data-id=\"e47b21f\" data-element_type=\"widget\" data-e-type=\"widget\" data-widget_type=\"image.default\">\n\t\t\t\t<div class=\"elementor-widget-container\">\n\t\t\t\t\t\t\t\t\t\t\t\t\t\t\t<img decoding=\"async\" src=\"https:\/\/projectmars-shop.sfo3.digitaloceanspaces.com\/wp-content\/uploads\/2021\/09\/05123230\/PROJECT-MARS%E7%AD%8B%E8%86%9C%E6%A7%8D_Pisooka-X-13.jpg\" title=\"mini pistola de masaje pisooka\" alt=\"mini pistola de masaje pisooka\" loading=\"lazy\">\t\t\t\t\t\t\t\t\t\t\t\t\t\t\t<\/div>\n\t\t\t\t<\/div>\n\t\t\t\t<div class=\"elementor-element elementor-element-083a9f4 elementor-widget elementor-widget-image\" data-id=\"083a9f4\" data-element_type=\"widget\" data-e-type=\"widget\" data-widget_type=\"image.default\">\n\t\t\t\t<div class=\"elementor-widget-container\">\n\t\t\t\t\t\t\t\t\t\t\t\t\t\t\t<img decoding=\"async\" src=\"https:\/\/projectmars-shop.sfo3.digitaloceanspaces.com\/wp-content\/uploads\/2021\/09\/05123629\/PROJECT-MARS%E7%AD%8B%E8%86%9C%E6%A7%8D_Pisooka-X-12.jpg\" title=\"mini pistola de masaje pisooka\" alt=\"mini pistola de masaje pisooka\" loading=\"lazy\">\t\t\t\t\t\t\t\t\t\t\t\t\t\t\t<\/div>\n\t\t\t\t<\/div>\n\t\t\t\t<div class=\"elementor-element elementor-element-05a3b93 elementor-widget elementor-widget-image\" data-id=\"05a3b93\" data-element_type=\"widget\" data-e-type=\"widget\" data-widget_type=\"image.default\">\n\t\t\t\t<div class=\"elementor-widget-container\">\n\t\t\t\t\t\t\t\t\t\t\t\t\t\t\t<img decoding=\"async\" src=\"https:\/\/projectmars-shop.sfo3.digitaloceanspaces.com\/wp-content\/uploads\/2021\/09\/05123649\/PROJECT-MARS%E7%AD%8B%E8%86%9C%E6%A7%8D_Pisooka-X-15.jpg\" title=\"mini pistola de masaje pisooka\" alt=\"mini pistola de masaje pisooka\" loading=\"lazy\">\t\t\t\t\t\t\t\t\t\t\t\t\t\t\t<\/div>\n\t\t\t\t<\/div>\n\t\t\t\t<div class=\"elementor-element elementor-element-9db8fac elementor-widget elementor-widget-image\" data-id=\"9db8fac\" data-element_type=\"widget\" data-e-type=\"widget\" data-widget_type=\"image.default\">\n\t\t\t\t<div class=\"elementor-widget-container\">\n\t\t\t\t\t\t\t\t\t\t\t\t\t\t\t<img decoding=\"async\" src=\"https:\/\/projectmars-shop.sfo3.digitaloceanspaces.com\/wp-content\/uploads\/2021\/09\/05123711\/PROJECT-MARS%E7%AD%8B%E8%86%9C%E6%A7%8D_Pisooka-X-2.jpg\" title=\"mini pistola de masaje pisooka\" alt=\"mini pistola de masaje pisooka\" loading=\"lazy\">\t\t\t\t\t\t\t\t\t\t\t\t\t\t\t<\/div>\n\t\t\t\t<\/div>\n\t\t\t\t<div class=\"elementor-element elementor-element-35dc05e elementor-widget elementor-widget-image\" data-id=\"35dc05e\" data-element_type=\"widget\" data-e-type=\"widget\" data-widget_type=\"image.default\">\n\t\t\t\t<div class=\"elementor-widget-container\">\n\t\t\t\t\t\t\t\t\t\t\t\t\t\t\t<img fetchpriority=\"high\" decoding=\"async\" width=\"1000\" height=\"1000\" src=\"https:\/\/pisooka.eu\/wp-content\/uploads\/2021\/09\/Pisooka\u77fd\u81a0\u982d\u4ecb\u7d39_\u82f1\u6587.jpg\" class=\"attachment-full size-full wp-image-29963\" alt=\"mini pistola de masaje pisooka\" srcset=\"https:\/\/pisooka.eu\/wp-content\/uploads\/2021\/09\/Pisooka\u77fd\u81a0\u982d\u4ecb\u7d39_\u82f1\u6587.jpg 1000w, https:\/\/pisooka.eu\/wp-content\/uploads\/2021\/09\/Pisooka\u77fd\u81a0\u982d\u4ecb\u7d39_\u82f1\u6587-400x400.jpg 400w, https:\/\/pisooka.eu\/wp-content\/uploads\/2021\/09\/Pisooka\u77fd\u81a0\u982d\u4ecb\u7d39_\u82f1\u6587-150x150.jpg 150w, https:\/\/pisooka.eu\/wp-content\/uploads\/2021\/09\/Pisooka\u77fd\u81a0\u982d\u4ecb\u7d39_\u82f1\u6587-768x768.jpg 768w, https:\/\/pisooka.eu\/wp-content\/uploads\/2021\/09\/Pisooka\u77fd\u81a0\u982d\u4ecb\u7d39_\u82f1\u6587-12x12.jpg 12w, https:\/\/pisooka.eu\/wp-content\/uploads\/2021\/09\/Pisooka\u77fd\u81a0\u982d\u4ecb\u7d39_\u82f1\u6587-350x350.jpg 350w, https:\/\/pisooka.eu\/wp-content\/uploads\/2021\/09\/Pisooka\u77fd\u81a0\u982d\u4ecb\u7d39_\u82f1\u6587-900x900.jpg 900w, https:\/\/pisooka.eu\/wp-content\/uploads\/2021\/09\/Pisooka\u77fd\u81a0\u982d\u4ecb\u7d39_\u82f1\u6587-100x100.jpg 100w\" sizes=\"(max-width: 1000px) 100vw, 1000px\" title=\"mini pistola de masaje pisooka\">\t\t\t\t\t\t\t\t\t\t\t\t\t\t\t<\/div>\n\t\t\t\t<\/div>\n\t\t\t\t\t<\/div>\n\t\t<\/div>\n\t\t\t\t\t<\/div>\n\t\t<\/section>\n\t\t\t\t<\/div>","protected":false},"excerpt":{"rendered":"<p><span style=\"font-weight: 500; color: #000; font-size: 20px;\">\u3010Pisooka X mini - Cabezal de masaje Pro Silicona\u3011<\/span><\/p>\n<ul>\n<li>Cabezales avanzados solo para profesionales. M\u00e1s profundo y m\u00e1s c\u00f3modo.<\/li>\n<li>Cabeza de champi\u00f1\u00f3n: para grandes grupos musculares<\/li>\n<li style=\"text-align: left;\">Cabezal de cepillo: para todo el m\u00fasculo del cuerpo.<\/li>\n<li>Cabeza de cono: para un masaje profundo en los puntos de dolor<\/li>\n<li>Cabeza espinal: para aliviar el m\u00fasculo de la columna<\/li>\n<\/ul>\n<p>Este producto es una venta de paquete de cabezales de masaje, el contenido no contiene una pistola de masaje. El cabezal de masaje es un art\u00edculo personal y no se aceptan devoluciones ni cambios. Algunos modelos tienen diferentes cabezales de masaje compatibles, confirme antes de realizar un pedido.<\/p>\n<p><strong>*Nota: Este producto solo se puede utilizar con la minipistola de masaje Pisooka X.<\/strong><\/p>","protected":false},"featured_media":26632,"comment_status":"closed","ping_status":"closed","template":"","meta":{"site-sidebar-layout":"no-sidebar","site-content-layout":"page-builder","ast-global-header-display":"","ast-banner-title-visibility":"","ast-main-header-display":"","ast-hfb-above-header-display":"","ast-hfb-below-header-display":"","ast-hfb-mobile-header-display":"","site-post-title":"disabled","ast-breadcrumbs-content":"","ast-featured-img":"disabled","footer-sml-layout":"","theme-transparent-header-meta":"default","adv-header-id-meta":"","stick-header-meta":"","header-above-stick-meta":"","header-main-stick-meta":"","header-below-stick-meta":""},"product_brand":[],"product_cat":[55,108],"product_tag":[113],"class_list":{"0":"post-26631","1":"product","2":"type-product","3":"status-publish","4":"has-post-thumbnail","6":"product_cat-massagegunattachments","7":"product_cat-siliconemassagehead","8":"product_tag-pisookax","9":"desktop-align-left","10":"tablet-align-left","11":"mobile-align-left","13":"first","14":"instock","15":"sale","16":"shipping-taxable","17":"purchasable","18":"product-type-variable","19":"has-default-attributes"},"_links":{"self":[{"href":"https:\/\/pisooka.eu\/es\/wp-json\/wp\/v2\/product\/26631","targetHints":{"allow":["GET"]}}],"collection":[{"href":"https:\/\/pisooka.eu\/es\/wp-json\/wp\/v2\/product"}],"about":[{"href":"https:\/\/pisooka.eu\/es\/wp-json\/wp\/v2\/types\/product"}],"replies":[{"embeddable":true,"href":"https:\/\/pisooka.eu\/es\/wp-json\/wp\/v2\/comments?post=26631"}],"version-history":[{"count":2,"href":"https:\/\/pisooka.eu\/es\/wp-json\/wp\/v2\/product\/26631\/revisions"}],"predecessor-version":[{"id":30186,"href":"https:\/\/pisooka.eu\/es\/wp-json\/wp\/v2\/product\/26631\/revisions\/30186"}],"wp:featuredmedia":[{"embeddable":true,"href":"https:\/\/pisooka.eu\/es\/wp-json\/wp\/v2\/media\/26632"}],"wp:attachment":[{"href":"https:\/\/pisooka.eu\/es\/wp-json\/wp\/v2\/media?parent=26631"}],"wp:term":[{"taxonomy":"product_brand","embeddable":true,"href":"https:\/\/pisooka.eu\/es\/wp-json\/wp\/v2\/product_brand?post=26631"},{"taxonomy":"product_cat","embeddable":true,"href":"https:\/\/pisooka.eu\/es\/wp-json\/wp\/v2\/product_cat?post=26631"},{"taxonomy":"product_tag","embeddable":true,"href":"https:\/\/pisooka.eu\/es\/wp-json\/wp\/v2\/product_tag?post=26631"}],"curies":[{"name":"wp","href":"https:\/\/api.w.org\/{rel}","templated":true}]}}