{"id":27197,"date":"2022-08-05T16:41:18","date_gmt":"2022-08-05T08:41:18","guid":{"rendered":"https:\/\/pisooka.eu\/%e9%9a%b1%e7%a7%81%e6%94%bf%e7%ad%96\/"},"modified":"2023-04-25T17:55:07","modified_gmt":"2023-04-25T16:55:07","slug":"experience-center-return-policy","status":"publish","type":"page","link":"https:\/\/pisooka.eu\/es\/experience-center-return-policy\/","title":{"rendered":"notas de compra"},"content":{"rendered":"<div data-elementor-type=\"wp-page\" data-elementor-id=\"27197\" class=\"elementor elementor-27197\" data-elementor-post-type=\"page\">\n\t\t\t\t\t\t<section class=\"elementor-section elementor-top-section elementor-element elementor-element-76f60bd elementor-section-full_width elementor-section-height-default elementor-section-height-default\" data-id=\"76f60bd\" data-element_type=\"section\" data-e-type=\"section\">\n\t\t\t\t\t\t<div class=\"elementor-container elementor-column-gap-default\">\n\t\t\t\t\t<div class=\"elementor-column elementor-col-100 elementor-top-column elementor-element elementor-element-172b02a\" data-id=\"172b02a\" data-element_type=\"column\" data-e-type=\"column\">\n\t\t\t<div class=\"elementor-widget-wrap elementor-element-populated\">\n\t\t\t\t\t\t<div class=\"elementor-element elementor-element-570d9c6 jet-breadcrumbs-on-front-yes jet-breadcrumbs-align-left elementor-widget elementor-widget-jet-breadcrumbs\" data-id=\"570d9c6\" data-element_type=\"widget\" data-e-type=\"widget\" data-widget_type=\"jet-breadcrumbs.default\">\n\t\t\t\t<div class=\"elementor-widget-container\">\n\t\t\t\t\t<div class=\"elementor-jet-breadcrumbs jet-blocks\">\n\t\t<div class=\"jet-breadcrumbs\">\n\t\t<div class=\"jet-breadcrumbs__content\">\n\t\t<div class=\"jet-breadcrumbs__wrap\"><div class=\"jet-breadcrumbs__item\"><a href=\"https:\/\/pisooka.eu\/es\/\" class=\"jet-breadcrumbs__item-link is-home\" rel=\"home\" title=\"Hogar\">Hogar<\/a><\/div>\n\t\t<\/div>\n\t\t<\/div>\n\t\t<\/div><\/div>\t\t\t\t<\/div>\n\t\t\t\t<\/div>\n\t\t\t\t\t<\/div>\n\t\t<\/div>\n\t\t\t\t\t<\/div>\n\t\t<\/section>\n\t\t\t\t<section class=\"elementor-section elementor-top-section elementor-element elementor-element-611ae2d elementor-section-height-min-height elementor-section-boxed elementor-section-height-default elementor-section-items-middle\" data-id=\"611ae2d\" data-element_type=\"section\" data-e-type=\"section\" data-settings=\"{&quot;background_background&quot;:&quot;classic&quot;}\">\n\t\t\t\t\t\t\t<div class=\"elementor-background-overlay\"><\/div>\n\t\t\t\t\t\t\t<div class=\"elementor-container elementor-column-gap-default\">\n\t\t\t\t\t<div class=\"elementor-column elementor-col-100 elementor-top-column elementor-element elementor-element-8f125e3\" data-id=\"8f125e3\" data-element_type=\"column\" data-e-type=\"column\">\n\t\t\t<div class=\"elementor-widget-wrap elementor-element-populated\">\n\t\t\t\t\t\t<div class=\"elementor-element elementor-element-b17c34b elementor-widget elementor-widget-text-editor\" data-id=\"b17c34b\" data-element_type=\"widget\" data-e-type=\"widget\" data-widget_type=\"text-editor.default\">\n\t\t\t\t<div class=\"elementor-widget-container\">\n\t\t\t\t\t\t\t\t\t<p>Proyecto Mars Co., Ltd.<\/p>\t\t\t\t\t\t\t\t<\/div>\n\t\t\t\t<\/div>\n\t\t\t\t<div class=\"elementor-element elementor-element-ad274d2 elementor-widget elementor-widget-heading\" data-id=\"ad274d2\" data-element_type=\"widget\" data-e-type=\"widget\" data-widget_type=\"heading.default\">\n\t\t\t\t<div class=\"elementor-widget-container\">\n\t\t\t\t\t<h1 class=\"elementor-heading-title elementor-size-default\">Notas de compra<\/h1>\t\t\t\t<\/div>\n\t\t\t\t<\/div>\n\t\t\t\t\t<\/div>\n\t\t<\/div>\n\t\t\t\t\t<\/div>\n\t\t<\/section>\n\t\t\t\t<section class=\"elementor-section elementor-top-section elementor-element elementor-element-24f03652 elementor-section-boxed elementor-section-height-default elementor-section-height-default\" data-id=\"24f03652\" data-element_type=\"section\" data-e-type=\"section\">\n\t\t\t\t\t\t<div class=\"elementor-container elementor-column-gap-default\">\n\t\t\t\t\t<div class=\"elementor-column elementor-col-100 elementor-top-column elementor-element elementor-element-2cbcaeba\" data-id=\"2cbcaeba\" data-element_type=\"column\" data-e-type=\"column\">\n\t\t\t<div class=\"elementor-widget-wrap elementor-element-populated\">\n\t\t\t\t\t\t<div class=\"elementor-element elementor-element-24dcaa5a elementor-widget elementor-widget-text-editor\" data-id=\"24dcaa5a\" data-element_type=\"widget\" data-e-type=\"widget\" data-widget_type=\"text-editor.default\">\n\t\t\t\t<div class=\"elementor-widget-container\">\n\t\t\t\t\t\t\t\t\t<p><\/p>\n<p>Le invitamos a experimentar e inspeccionar los productos. Para proteger sus derechos de consumo, lea atentamente los siguientes avisos:<\/p>\n<p>&lt;Exchange and Return Rules&gt;<br \/>La empresa se reserva el derecho de identificar el producto, salvo el defecto del producto que sea imputable a la responsabilidad del propietario de la tienda.<br \/>1. Si necesita reemplazar el producto, solo puede aceptar el producto y el paquete en un estado completo y limpio, dentro de los siete d\u00edas posteriores a la fecha de compra, con la factura de compra a nuestra tienda para el reemplazo.<\/p>\n<p>2. En caso de reposici\u00f3n del producto, el precio se manejar\u00e1 de acuerdo al precio de venta del d\u00eda de la reposici\u00f3n.<br \/>(Al cambiar productos de diferentes estilos, el precio en la fecha de reemplazo se usa como punto de referencia. Si hay una diferencia de precio, compense la diferencia en el reemplazo).<\/p>\n<p>3. Devoluci\u00f3n: regrese a nuestra tienda con los siguientes documentos relevantes dentro de los siete d\u00edas posteriores a la fecha de compra.<br \/>Efectivo: traiga la factura del art\u00edculo de compra.<br \/>Tarjeta de cr\u00e9dito: traiga la factura, la tarjeta de cr\u00e9dito y el comprobante de pago de la tarjeta de cr\u00e9dito del producto de compra.<\/p>\n<p>4. Sin embargo, debido a la consideraci\u00f3n de los derechos de higiene del cliente, no se permiten reembolsos ni cambios por productos de cabezales de masaje puros.<\/p>\n<p>\u00b7La empresa se reserva el derecho de tomar la decisi\u00f3n final sobre cambios y devoluciones y el derecho de cambiar las reglas de cambios y devoluciones.<\/p>\n<p>Otras Consideraciones<br \/>Si hay un regalo, no cumple con las condiciones de regalo despu\u00e9s de devolver el producto, y el regalo debe adjuntarse al devolver el producto.<\/p>\n<p><\/p>\t\t\t\t\t\t\t\t<\/div>\n\t\t\t\t<\/div>\n\t\t\t\t\t<\/div>\n\t\t<\/div>\n\t\t\t\t\t<\/div>\n\t\t<\/section>\n\t\t\t\t<\/div>","protected":false},"excerpt":{"rendered":"<p>Home Project Mars Co., Ltd. Purchase Notes You are welcome to experience and inspect the products. In order to protect your consumption rights, please read the following notices carefully: &lt;Exchange and Return Rules&gt;The company reserves the right to identify the product, except for the defect of the product that can be attributed to the store &hellip;<\/p>\n<p class=\"read-more\"> <a class=\"\" href=\"https:\/\/pisooka.eu\/es\/experience-center-return-policy\/\"> <span class=\"screen-reader-text\">notas de compra<\/span> Leer m\u00e1s \u00bb<\/a><\/p>","protected":false},"author":2603,"featured_media":0,"parent":0,"menu_order":0,"comment_status":"closed","ping_status":"closed","template":"elementor_header_footer","meta":{"site-sidebar-layout":"default","site-content-layout":"default","ast-global-header-display":"","ast-banner-title-visibility":"","ast-main-header-display":"","ast-hfb-above-header-display":"","ast-hfb-below-header-display":"","ast-hfb-mobile-header-display":"","site-post-title":"","ast-breadcrumbs-content":"","ast-featured-img":"","footer-sml-layout":"","theme-transparent-header-meta":"default","adv-header-id-meta":"","stick-header-meta":"","header-above-stick-meta":"","header-main-stick-meta":"","header-below-stick-meta":"","footnotes":""},"class_list":["post-27197","page","type-page","status-publish","hentry"],"_links":{"self":[{"href":"https:\/\/pisooka.eu\/es\/wp-json\/wp\/v2\/pages\/27197","targetHints":{"allow":["GET"]}}],"collection":[{"href":"https:\/\/pisooka.eu\/es\/wp-json\/wp\/v2\/pages"}],"about":[{"href":"https:\/\/pisooka.eu\/es\/wp-json\/wp\/v2\/types\/page"}],"author":[{"embeddable":true,"href":"https:\/\/pisooka.eu\/es\/wp-json\/wp\/v2\/users\/2603"}],"replies":[{"embeddable":true,"href":"https:\/\/pisooka.eu\/es\/wp-json\/wp\/v2\/comments?post=27197"}],"version-history":[{"count":1,"href":"https:\/\/pisooka.eu\/es\/wp-json\/wp\/v2\/pages\/27197\/revisions"}],"predecessor-version":[{"id":30489,"href":"https:\/\/pisooka.eu\/es\/wp-json\/wp\/v2\/pages\/27197\/revisions\/30489"}],"wp:attachment":[{"href":"https:\/\/pisooka.eu\/es\/wp-json\/wp\/v2\/media?parent=27197"}],"curies":[{"name":"wp","href":"https:\/\/api.w.org\/{rel}","templated":true}]}}