{"id":2559,"date":"2021-01-26T14:23:58","date_gmt":"2021-01-26T06:23:58","guid":{"rendered":"https:\/\/projectmars1.wpengine.com\/?page_id=2559"},"modified":"2023-04-25T17:54:45","modified_gmt":"2023-04-25T16:54:45","slug":"privacy-policy","status":"publish","type":"page","link":"https:\/\/pisooka.eu\/es\/privacy-policy\/","title":{"rendered":"pol\u00edtica de privacidad"},"content":{"rendered":"<div data-elementor-type=\"wp-page\" data-elementor-id=\"2559\" class=\"elementor elementor-2559\" data-elementor-post-type=\"page\">\n\t\t\t\t\t\t<section class=\"elementor-section elementor-top-section elementor-element elementor-element-76f60bd elementor-section-full_width elementor-section-height-default elementor-section-height-default\" data-id=\"76f60bd\" data-element_type=\"section\" data-e-type=\"section\">\n\t\t\t\t\t\t<div class=\"elementor-container elementor-column-gap-default\">\n\t\t\t\t\t<div class=\"elementor-column elementor-col-100 elementor-top-column elementor-element elementor-element-172b02a\" data-id=\"172b02a\" data-element_type=\"column\" data-e-type=\"column\">\n\t\t\t<div class=\"elementor-widget-wrap elementor-element-populated\">\n\t\t\t\t\t\t<div class=\"elementor-element elementor-element-570d9c6 jet-breadcrumbs-on-front-yes jet-breadcrumbs-align-left elementor-widget elementor-widget-jet-breadcrumbs\" data-id=\"570d9c6\" data-element_type=\"widget\" data-e-type=\"widget\" data-widget_type=\"jet-breadcrumbs.default\">\n\t\t\t\t<div class=\"elementor-widget-container\">\n\t\t\t\t\t<div class=\"elementor-jet-breadcrumbs jet-blocks\">\n\t\t<div class=\"jet-breadcrumbs\">\n\t\t<div class=\"jet-breadcrumbs__content\">\n\t\t<div class=\"jet-breadcrumbs__wrap\"><div class=\"jet-breadcrumbs__item\"><a href=\"https:\/\/pisooka.eu\/es\/\" class=\"jet-breadcrumbs__item-link is-home\" rel=\"home\" title=\"Hogar\">Hogar<\/a><\/div>\n\t\t<\/div>\n\t\t<\/div>\n\t\t<\/div><\/div>\t\t\t\t<\/div>\n\t\t\t\t<\/div>\n\t\t\t\t\t<\/div>\n\t\t<\/div>\n\t\t\t\t\t<\/div>\n\t\t<\/section>\n\t\t\t\t<section class=\"elementor-section elementor-top-section elementor-element elementor-element-611ae2d elementor-section-height-min-height elementor-section-boxed elementor-section-height-default elementor-section-items-middle\" data-id=\"611ae2d\" data-element_type=\"section\" data-e-type=\"section\" data-settings=\"{&quot;background_background&quot;:&quot;classic&quot;}\">\n\t\t\t\t\t\t\t<div class=\"elementor-background-overlay\"><\/div>\n\t\t\t\t\t\t\t<div class=\"elementor-container elementor-column-gap-default\">\n\t\t\t\t\t<div class=\"elementor-column elementor-col-100 elementor-top-column elementor-element elementor-element-8f125e3\" data-id=\"8f125e3\" data-element_type=\"column\" data-e-type=\"column\">\n\t\t\t<div class=\"elementor-widget-wrap elementor-element-populated\">\n\t\t\t\t\t\t<div class=\"elementor-element elementor-element-b17c34b elementor-widget elementor-widget-text-editor\" data-id=\"b17c34b\" data-element_type=\"widget\" data-e-type=\"widget\" data-widget_type=\"text-editor.default\">\n\t\t\t\t<div class=\"elementor-widget-container\">\n\t\t\t\t\t\t\t\t\t<p>Proyecto Mars Co., Ltd.<\/p>\t\t\t\t\t\t\t\t<\/div>\n\t\t\t\t<\/div>\n\t\t\t\t<div class=\"elementor-element elementor-element-ad274d2 elementor-widget elementor-widget-heading\" data-id=\"ad274d2\" data-element_type=\"widget\" data-e-type=\"widget\" data-widget_type=\"heading.default\">\n\t\t\t\t<div class=\"elementor-widget-container\">\n\t\t\t\t\t<h1 class=\"elementor-heading-title elementor-size-default\">Pol\u00edtica de privacidad<\/h1>\t\t\t\t<\/div>\n\t\t\t\t<\/div>\n\t\t\t\t\t<\/div>\n\t\t<\/div>\n\t\t\t\t\t<\/div>\n\t\t<\/section>\n\t\t\t\t<section class=\"elementor-section elementor-top-section elementor-element elementor-element-24f03652 elementor-section-boxed elementor-section-height-default elementor-section-height-default\" data-id=\"24f03652\" data-element_type=\"section\" data-e-type=\"section\">\n\t\t\t\t\t\t<div class=\"elementor-container elementor-column-gap-default\">\n\t\t\t\t\t<div class=\"elementor-column elementor-col-100 elementor-top-column elementor-element elementor-element-2cbcaeba\" data-id=\"2cbcaeba\" data-element_type=\"column\" data-e-type=\"column\">\n\t\t\t<div class=\"elementor-widget-wrap elementor-element-populated\">\n\t\t\t\t\t\t<div class=\"elementor-element elementor-element-24dcaa5a elementor-widget elementor-widget-text-editor\" data-id=\"24dcaa5a\" data-element_type=\"widget\" data-e-type=\"widget\" data-widget_type=\"text-editor.default\">\n\t\t\t\t<div class=\"elementor-widget-container\">\n\t\t\t\t\t\t\t\t\t\n<p>Proyecto Mars (en adelante, este sitio web),<\/p>\n<p>Para permitirle utilizar los servicios y la informaci\u00f3n de este sitio web con tranquilidad,<\/p>\n<p>Por la presente le explico la pol\u00edtica de protecci\u00f3n de privacidad de este sitio web para proteger sus derechos e intereses, lea atentamente el siguiente contenido:<\/p>\n<p>1. \u00c1mbito de aplicaci\u00f3n de la pol\u00edtica de protecci\u00f3n de la privacidad<\/p>\n<p>El contenido de la pol\u00edtica de protecci\u00f3n de la privacidad, incluida la forma en que manejamos la informaci\u00f3n de identificaci\u00f3n personal recopilada cuando utiliza el servicio del sitio web. La pol\u00edtica de protecci\u00f3n de privacidad no se aplica a sitios web vinculados relacionados distintos de este sitio web, ni se aplica al personal que no est\u00e1 confiado ni participa en la gesti\u00f3n de este sitio web.<\/p>\n<p>2. Recopilaci\u00f3n, procesamiento y utilizaci\u00f3n de datos personales<\/p>\n<p>Cuando compre nuestros productos, le pediremos que proporcione los datos personales necesarios seg\u00fan la naturaleza del negocio o actividad, y procesaremos y utilizaremos sus datos personales dentro del alcance del prop\u00f3sito espec\u00edfico; Sin su consentimiento por escrito, este sitio web no utilizar\u00e1 datos personales para otros fines.<br \/>Cuando utiliza funciones interactivas como buzones de correo de servicio y cuestionarios, este sitio web conservar\u00e1 el nombre, la direcci\u00f3n de correo electr\u00f3nico, la informaci\u00f3n de contacto y el tiempo de uso que usted proporcione.<br \/>Durante la navegaci\u00f3n general, el servidor registrar\u00e1 comportamientos relevantes por s\u00ed mismo, incluida la direcci\u00f3n IP del dispositivo conectado que utiliza, el tiempo de uso, el navegador utilizado, los registros de datos de navegaci\u00f3n y clics, etc., como referencia para que podamos mejorar los servicios del sitio web. El registro es para uso interno y nunca ser\u00e1 divulgado al p\u00fablico.<br \/>Para brindar servicios precisos, realizaremos estad\u00edsticas y an\u00e1lisis sobre el contenido de los cuestionarios recopilados y presentaremos los datos estad\u00edsticos o texto explicativo de los resultados del an\u00e1lisis. Excepto para investigaciones internas, publicaremos datos estad\u00edsticos y texto explicativo seg\u00fan sea necesario, pero no involucra Informaci\u00f3n personal espec\u00edfica.<br \/>3. Protecci\u00f3n de datos<\/p>\n<p>Todos los servidores de este sitio web utilizan servidores Linode y est\u00e1n equipados con firewalls, sistemas antivirus y otros equipos de seguridad de la informaci\u00f3n relacionados y medidas de protecci\u00f3n de seguridad necesarias para proteger el sitio web y sus datos personales. Se adoptan estrictas medidas de protecci\u00f3n y solo el personal autorizado puede acceder a su informaci\u00f3n personal, y el personal de procesamiento correspondiente ha firmado un contrato de confidencialidad. Quien viole la obligaci\u00f3n de confidencialidad estar\u00e1 sujeto a las sanciones legales correspondientes.<br \/>Si es necesario confiar a otras unidades la prestaci\u00f3n de servicios debido a necesidades comerciales, este sitio web tambi\u00e9n les exigir\u00e1 estrictamente que cumplan con sus obligaciones de confidencialidad y adopten los procedimientos de inspecci\u00f3n necesarios para garantizar que realmente cumplan.<br \/>4. Enlaces externos del sitio web<\/p>\n<p>Las p\u00e1ginas web de este sitio web proporcionan enlaces de red a otros sitios web y tambi\u00e9n puede hacer clic para ingresar a otros sitios web a trav\u00e9s de los enlaces proporcionados en este sitio web. Sin embargo, el sitio web vinculado no se aplica a la pol\u00edtica de protecci\u00f3n de privacidad de este sitio web y debe consultar la pol\u00edtica de protecci\u00f3n de privacidad en el sitio web vinculado.<\/p>\n<p>5. Pol\u00edtica de intercambio de datos personales con terceros<\/p>\n<p>Este sitio web nunca proporcionar\u00e1, intercambiar\u00e1, alquilar\u00e1 o vender\u00e1 ninguno de sus datos personales a otros individuos, grupos, empresas privadas o agencias p\u00fablicas, pero aquellos con base legal u obligaciones contractuales no est\u00e1n sujetos a esta limitaci\u00f3n.<\/p>\n<p>Las circunstancias de la disposici\u00f3n del p\u00e1rrafo anterior incluyen pero no se limitan a:<\/p>\n<p>Con su consentimiento por escrito.<br \/>La ley lo establece expresamente.<br \/>Para evitar peligro a su vida, cuerpo, libertad o propiedad.<br \/>La cooperaci\u00f3n con agencias p\u00fablicas o instituciones de investigaci\u00f3n acad\u00e9mica es necesaria para investigaciones estad\u00edsticas o acad\u00e9micas basadas en intereses p\u00fablicos, y los datos son procesados por el proveedor o recopilados y la parte espec\u00edfica no puede identificarse seg\u00fan el m\u00e9todo de divulgaci\u00f3n.<br \/>Cuando su comportamiento en el sitio web viola los t\u00e9rminos de servicio o puede da\u00f1ar o obstaculizar los derechos e intereses del sitio web y de otros usuarios o causar da\u00f1o a cualquier persona, la divulgaci\u00f3n de su informaci\u00f3n personal por parte de la unidad de administraci\u00f3n del sitio web es para identificaci\u00f3n, contacto o legal. acci\u00f3n. Necesario.<br \/>beneficioso para sus intereses.<br \/>Cuando este sitio web encomiende a proveedores la asistencia en la recopilaci\u00f3n, procesamiento o uso de sus datos personales, ser\u00e1 responsable de la supervisi\u00f3n y gesti\u00f3n de los proveedores o individuos subcontratados.<br \/>6. Uso de cookies<\/p>\n<p>Para brindarle el mejor servicio, este sitio web colocar\u00e1 y utilizar\u00e1 nuestras cookies en su computadora. Si no desea aceptar la escritura de cookies, puede configurar el nivel de privacidad en el elemento de funci\u00f3n de su navegador en Si la configuraci\u00f3n es alta, la escritura de cookies puede rechazarse, pero puede provocar que algunas funciones del sitio web no podr\u00e1 desempe\u00f1arse normalmente.<\/p>\n<p>7. Modificaciones a la Pol\u00edtica de Protecci\u00f3n de Privacidad<\/p>\n<p>La pol\u00edtica de protecci\u00f3n de privacidad de este sitio web se modificar\u00e1 en cualquier momento de acuerdo con la demanda, y los t\u00e9rminos modificados se publicar\u00e1n en el sitio web.<\/p>\n\t\t\t\t\t\t\t\t<\/div>\n\t\t\t\t<\/div>\n\t\t\t\t\t<\/div>\n\t\t<\/div>\n\t\t\t\t\t<\/div>\n\t\t<\/section>\n\t\t\t\t<\/div>","protected":false},"excerpt":{"rendered":"<p>Home Project Mars Co., Ltd. Privacy Policy\u200b Project Mars (hereinafter referred to as this website), In order to allow you to use the services and information on this website with peace of mind, Hereby explain to you the privacy protection policy of this website to protect your rights and interests, please read the following contents &hellip;<\/p>\n<p class=\"read-more\"> <a class=\"\" href=\"https:\/\/pisooka.eu\/es\/privacy-policy\/\"> <span class=\"screen-reader-text\">pol\u00edtica de privacidad<\/span> Leer m\u00e1s \u00bb<\/a><\/p>","protected":false},"author":2603,"featured_media":0,"parent":0,"menu_order":0,"comment_status":"closed","ping_status":"closed","template":"elementor_header_footer","meta":{"site-sidebar-layout":"default","site-content-layout":"default","ast-global-header-display":"","ast-banner-title-visibility":"","ast-main-header-display":"","ast-hfb-above-header-display":"","ast-hfb-below-header-display":"","ast-hfb-mobile-header-display":"","site-post-title":"","ast-breadcrumbs-content":"","ast-featured-img":"","footer-sml-layout":"","theme-transparent-header-meta":"default","adv-header-id-meta":"","stick-header-meta":"","header-above-stick-meta":"","header-main-stick-meta":"","header-below-stick-meta":"","footnotes":""},"class_list":["post-2559","page","type-page","status-publish","hentry"],"_links":{"self":[{"href":"https:\/\/pisooka.eu\/es\/wp-json\/wp\/v2\/pages\/2559","targetHints":{"allow":["GET"]}}],"collection":[{"href":"https:\/\/pisooka.eu\/es\/wp-json\/wp\/v2\/pages"}],"about":[{"href":"https:\/\/pisooka.eu\/es\/wp-json\/wp\/v2\/types\/page"}],"author":[{"embeddable":true,"href":"https:\/\/pisooka.eu\/es\/wp-json\/wp\/v2\/users\/2603"}],"replies":[{"embeddable":true,"href":"https:\/\/pisooka.eu\/es\/wp-json\/wp\/v2\/comments?post=2559"}],"version-history":[{"count":1,"href":"https:\/\/pisooka.eu\/es\/wp-json\/wp\/v2\/pages\/2559\/revisions"}],"predecessor-version":[{"id":30487,"href":"https:\/\/pisooka.eu\/es\/wp-json\/wp\/v2\/pages\/2559\/revisions\/30487"}],"wp:attachment":[{"href":"https:\/\/pisooka.eu\/es\/wp-json\/wp\/v2\/media?parent=2559"}],"curies":[{"name":"wp","href":"https:\/\/api.w.org\/{rel}","templated":true}]}}