{"id":27197,"date":"2022-08-05T16:41:18","date_gmt":"2022-08-05T08:41:18","guid":{"rendered":"https:\/\/pisooka.eu\/%e9%9a%b1%e7%a7%81%e6%94%bf%e7%ad%96\/"},"modified":"2023-04-25T17:55:07","modified_gmt":"2023-04-25T16:55:07","slug":"experience-center-return-policy","status":"publish","type":"page","link":"https:\/\/pisooka.eu\/de\/experience-center-return-policy\/","title":{"rendered":"Kaufnotizen"},"content":{"rendered":"<div data-elementor-type=\"wp-page\" data-elementor-id=\"27197\" class=\"elementor elementor-27197\" data-elementor-post-type=\"page\">\n\t\t\t\t\t\t<section class=\"elementor-section elementor-top-section elementor-element elementor-element-76f60bd elementor-section-full_width elementor-section-height-default elementor-section-height-default\" data-id=\"76f60bd\" data-element_type=\"section\" data-e-type=\"section\">\n\t\t\t\t\t\t<div class=\"elementor-container elementor-column-gap-default\">\n\t\t\t\t\t<div class=\"elementor-column elementor-col-100 elementor-top-column elementor-element elementor-element-172b02a\" data-id=\"172b02a\" data-element_type=\"column\" data-e-type=\"column\">\n\t\t\t<div class=\"elementor-widget-wrap elementor-element-populated\">\n\t\t\t\t\t\t<div class=\"elementor-element elementor-element-570d9c6 jet-breadcrumbs-on-front-yes jet-breadcrumbs-align-left elementor-widget elementor-widget-jet-breadcrumbs\" data-id=\"570d9c6\" data-element_type=\"widget\" data-e-type=\"widget\" data-widget_type=\"jet-breadcrumbs.default\">\n\t\t\t\t<div class=\"elementor-widget-container\">\n\t\t\t\t\t<div class=\"elementor-jet-breadcrumbs jet-blocks\">\n\t\t<div class=\"jet-breadcrumbs\">\n\t\t<div class=\"jet-breadcrumbs__content\">\n\t\t<div class=\"jet-breadcrumbs__wrap\"><div class=\"jet-breadcrumbs__item\"><a href=\"https:\/\/pisooka.eu\/de\/\" class=\"jet-breadcrumbs__item-link is-home\" rel=\"home\" title=\"Heim\">Heim<\/a><\/div>\n\t\t<\/div>\n\t\t<\/div>\n\t\t<\/div><\/div>\t\t\t\t<\/div>\n\t\t\t\t<\/div>\n\t\t\t\t\t<\/div>\n\t\t<\/div>\n\t\t\t\t\t<\/div>\n\t\t<\/section>\n\t\t\t\t<section class=\"elementor-section elementor-top-section elementor-element elementor-element-611ae2d elementor-section-height-min-height elementor-section-boxed elementor-section-height-default elementor-section-items-middle\" data-id=\"611ae2d\" data-element_type=\"section\" data-e-type=\"section\" data-settings=\"{&quot;background_background&quot;:&quot;classic&quot;}\">\n\t\t\t\t\t\t\t<div class=\"elementor-background-overlay\"><\/div>\n\t\t\t\t\t\t\t<div class=\"elementor-container elementor-column-gap-default\">\n\t\t\t\t\t<div class=\"elementor-column elementor-col-100 elementor-top-column elementor-element elementor-element-8f125e3\" data-id=\"8f125e3\" data-element_type=\"column\" data-e-type=\"column\">\n\t\t\t<div class=\"elementor-widget-wrap elementor-element-populated\">\n\t\t\t\t\t\t<div class=\"elementor-element elementor-element-b17c34b elementor-widget elementor-widget-text-editor\" data-id=\"b17c34b\" data-element_type=\"widget\" data-e-type=\"widget\" data-widget_type=\"text-editor.default\">\n\t\t\t\t<div class=\"elementor-widget-container\">\n\t\t\t\t\t\t\t\t\t<p>Projekt Mars Co., Ltd.<\/p>\t\t\t\t\t\t\t\t<\/div>\n\t\t\t\t<\/div>\n\t\t\t\t<div class=\"elementor-element elementor-element-ad274d2 elementor-widget elementor-widget-heading\" data-id=\"ad274d2\" data-element_type=\"widget\" data-e-type=\"widget\" data-widget_type=\"heading.default\">\n\t\t\t\t<div class=\"elementor-widget-container\">\n\t\t\t\t\t<h1 class=\"elementor-heading-title elementor-size-default\">Kaufhinweise<\/h1>\t\t\t\t<\/div>\n\t\t\t\t<\/div>\n\t\t\t\t\t<\/div>\n\t\t<\/div>\n\t\t\t\t\t<\/div>\n\t\t<\/section>\n\t\t\t\t<section class=\"elementor-section elementor-top-section elementor-element elementor-element-24f03652 elementor-section-boxed elementor-section-height-default elementor-section-height-default\" data-id=\"24f03652\" data-element_type=\"section\" data-e-type=\"section\">\n\t\t\t\t\t\t<div class=\"elementor-container elementor-column-gap-default\">\n\t\t\t\t\t<div class=\"elementor-column elementor-col-100 elementor-top-column elementor-element elementor-element-2cbcaeba\" data-id=\"2cbcaeba\" data-element_type=\"column\" data-e-type=\"column\">\n\t\t\t<div class=\"elementor-widget-wrap elementor-element-populated\">\n\t\t\t\t\t\t<div class=\"elementor-element elementor-element-24dcaa5a elementor-widget elementor-widget-text-editor\" data-id=\"24dcaa5a\" data-element_type=\"widget\" data-e-type=\"widget\" data-widget_type=\"text-editor.default\">\n\t\t\t\t<div class=\"elementor-widget-container\">\n\t\t\t\t\t\t\t\t\t<p><\/p>\n<p>Sie sind herzlich eingeladen, die Produkte zu erleben und zu pr\u00fcfen. Um Ihre Verbraucherrechte zu sch\u00fctzen, lesen Sie bitte die folgenden Hinweise sorgf\u00e4ltig durch:<\/p>\n<p>&lt;Exchange and Return Rules&gt;<br \/>Das Unternehmen beh\u00e4lt sich das Recht vor, das Produkt zu identifizieren, mit Ausnahme von M\u00e4ngeln, die auf die Verantwortung des Gesch\u00e4ftsinhabers zur\u00fcckzuf\u00fchren sind.<br \/>1. Wenn Sie das Produkt umtauschen m\u00f6chten, k\u00f6nnen Sie das Produkt und die Verpackung nur in einem vollst\u00e4ndigen und sauberen Zustand innerhalb von sieben Tagen ab dem Kaufdatum mit der Kaufrechnung in unserem Gesch\u00e4ft zum Umtausch annehmen.<\/p>\n<p>2. Bei einem Umtausch wird der Preis gem\u00e4\u00df dem Verkaufspreis am Tag des Umtauschs berechnet.<br \/>(Bei Umtausch von Produkten mit unterschiedlichen Stilen wird der Preis am Tag des Umtauschs als Benchmark verwendet. Wenn es einen Preisunterschied gibt, muss die Differenz beim Umtausch ausgeglichen werden.)<\/p>\n<p>3. R\u00fcckgabe - Bitte bringen Sie die folgenden relevanten Dokumente innerhalb von sieben Tagen ab dem Kaufdatum in unser Gesch\u00e4ft zur\u00fcck.<br \/>Bargeld - Bitte bringen Sie die Rechnung des Einkaufsgegenstands mit.<br \/>Kreditkarte - Bitte bringen Sie die Rechnung, die Kreditkarte und den Kreditkarten-Zahlungsbeleg des Einkaufsprodukts mit.<\/p>\n<p>4. Aus Gr\u00fcnden der Kundenhygiene sind jedoch keine R\u00fcckerstattungen oder Umtausche f\u00fcr reine Massagekopfprodukte m\u00f6glich.<\/p>\n<p>\u00b7 Das Unternehmen beh\u00e4lt sich das Recht vor, die endg\u00fcltige Entscheidung \u00fcber den Umtausch und die R\u00fcckgabe und das Recht auf \u00c4nderung der Umtausch- und R\u00fcckgabebedingungen zu treffen.<\/p>\n<p>Weitere Hinweise<br \/>Wenn es ein Geschenk gibt und es nach der R\u00fcckgabe des Produkts nicht den Geschenkbedingungen entspricht, muss das Geschenk bei der R\u00fcckgabe des Produkts beigef\u00fcgt werden.<\/p>\n<p><\/p>\t\t\t\t\t\t\t\t<\/div>\n\t\t\t\t<\/div>\n\t\t\t\t\t<\/div>\n\t\t<\/div>\n\t\t\t\t\t<\/div>\n\t\t<\/section>\n\t\t\t\t<\/div>","protected":false},"excerpt":{"rendered":"<p>Home Project Mars Co., Ltd. Kaufhinweise Sie sind herzlich eingeladen, die Produkte auszuprobieren und zu pr\u00fcfen. Um Ihre Konsumrechte zu sch\u00fctzen, lesen Sie bitte die folgenden Hinweise sorgf\u00e4ltig durch: Das Unternehmen beh\u00e4lt sich das Recht vor, das Produkt zu identifizieren, mit Ausnahme von Produktm\u00e4ngeln, die dem Gesch\u00e4ft zuzuschreiben sind \u2026<\/p>\n<p class=\"read-more\"> <a class=\"\" href=\"https:\/\/pisooka.eu\/de\/experience-center-return-policy\/\"> <span class=\"screen-reader-text\">Kaufnotizen<\/span> Weiterlesen \u00bb<\/a><\/p>","protected":false},"author":2603,"featured_media":0,"parent":0,"menu_order":0,"comment_status":"closed","ping_status":"closed","template":"elementor_header_footer","meta":{"site-sidebar-layout":"default","site-content-layout":"default","ast-global-header-display":"","ast-banner-title-visibility":"","ast-main-header-display":"","ast-hfb-above-header-display":"","ast-hfb-below-header-display":"","ast-hfb-mobile-header-display":"","site-post-title":"","ast-breadcrumbs-content":"","ast-featured-img":"","footer-sml-layout":"","theme-transparent-header-meta":"default","adv-header-id-meta":"","stick-header-meta":"","header-above-stick-meta":"","header-main-stick-meta":"","header-below-stick-meta":"","footnotes":""},"class_list":["post-27197","page","type-page","status-publish","hentry"],"_links":{"self":[{"href":"https:\/\/pisooka.eu\/de\/wp-json\/wp\/v2\/pages\/27197","targetHints":{"allow":["GET"]}}],"collection":[{"href":"https:\/\/pisooka.eu\/de\/wp-json\/wp\/v2\/pages"}],"about":[{"href":"https:\/\/pisooka.eu\/de\/wp-json\/wp\/v2\/types\/page"}],"author":[{"embeddable":true,"href":"https:\/\/pisooka.eu\/de\/wp-json\/wp\/v2\/users\/2603"}],"replies":[{"embeddable":true,"href":"https:\/\/pisooka.eu\/de\/wp-json\/wp\/v2\/comments?post=27197"}],"version-history":[{"count":1,"href":"https:\/\/pisooka.eu\/de\/wp-json\/wp\/v2\/pages\/27197\/revisions"}],"predecessor-version":[{"id":30489,"href":"https:\/\/pisooka.eu\/de\/wp-json\/wp\/v2\/pages\/27197\/revisions\/30489"}],"wp:attachment":[{"href":"https:\/\/pisooka.eu\/de\/wp-json\/wp\/v2\/media?parent=27197"}],"curies":[{"name":"wp","href":"https:\/\/api.w.org\/{rel}","templated":true}]}}