{"id":2675,"date":"2021-01-26T17:35:45","date_gmt":"2021-01-26T09:35:45","guid":{"rendered":"https:\/\/projectmars1.wpengine.com\/?page_id=2675"},"modified":"2023-04-25T17:52:55","modified_gmt":"2023-04-25T16:52:55","slug":"nachrichtenredaktion","status":"publish","type":"page","link":"https:\/\/pisooka.eu\/de\/nachrichtenredaktion\/","title":{"rendered":"PRESSEZIMMER"},"content":{"rendered":"<div data-elementor-type=\"wp-page\" data-elementor-id=\"2675\" class=\"elementor elementor-2675\" data-elementor-post-type=\"page\">\n\t\t\t\t\t\t<section class=\"elementor-section elementor-top-section elementor-element elementor-element-7a0c591 elementor-section-full_width elementor-section-height-default elementor-section-height-default\" data-id=\"7a0c591\" data-element_type=\"section\" data-e-type=\"section\">\n\t\t\t\t\t\t<div class=\"elementor-container elementor-column-gap-default\">\n\t\t\t\t\t<div class=\"elementor-column elementor-col-100 elementor-top-column elementor-element elementor-element-9cae0a1\" data-id=\"9cae0a1\" data-element_type=\"column\" data-e-type=\"column\">\n\t\t\t<div class=\"elementor-widget-wrap elementor-element-populated\">\n\t\t\t\t\t\t<div class=\"elementor-element elementor-element-890b60d jet-breadcrumbs-on-front-yes jet-breadcrumbs-align-left elementor-widget elementor-widget-jet-breadcrumbs\" data-id=\"890b60d\" data-element_type=\"widget\" data-e-type=\"widget\" data-widget_type=\"jet-breadcrumbs.default\">\n\t\t\t\t<div class=\"elementor-widget-container\">\n\t\t\t\t\t<div class=\"elementor-jet-breadcrumbs jet-blocks\">\n\t\t<div class=\"jet-breadcrumbs\">\n\t\t<div class=\"jet-breadcrumbs__content\">\n\t\t<div class=\"jet-breadcrumbs__wrap\"><div class=\"jet-breadcrumbs__item\"><a href=\"https:\/\/pisooka.eu\/de\/\" class=\"jet-breadcrumbs__item-link is-home\" rel=\"home\" title=\"HOME\">HOME<\/a><\/div>\n\t\t<\/div>\n\t\t<\/div>\n\t\t<\/div><\/div>\t\t\t\t<\/div>\n\t\t\t\t<\/div>\n\t\t\t\t\t<\/div>\n\t\t<\/div>\n\t\t\t\t\t<\/div>\n\t\t<\/section>\n\t\t\t\t<section class=\"elementor-section elementor-top-section elementor-element elementor-element-5cb39c5a elementor-section-height-min-height elementor-section-boxed elementor-section-height-default elementor-section-items-middle\" data-id=\"5cb39c5a\" data-element_type=\"section\" data-e-type=\"section\" data-settings=\"{&quot;background_background&quot;:&quot;classic&quot;}\">\n\t\t\t\t\t\t\t<div class=\"elementor-background-overlay\"><\/div>\n\t\t\t\t\t\t\t<div class=\"elementor-container elementor-column-gap-default\">\n\t\t\t\t\t<div class=\"elementor-column elementor-col-100 elementor-top-column elementor-element elementor-element-7d855a14\" data-id=\"7d855a14\" data-element_type=\"column\" data-e-type=\"column\">\n\t\t\t<div class=\"elementor-widget-wrap elementor-element-populated\">\n\t\t\t\t\t\t<div class=\"elementor-element elementor-element-330ca521 elementor-widget elementor-widget-heading\" data-id=\"330ca521\" data-element_type=\"widget\" data-e-type=\"widget\" data-widget_type=\"heading.default\">\n\t\t\t\t<div class=\"elementor-widget-container\">\n\t\t\t\t\t<h1 class=\"elementor-heading-title elementor-size-default\">PRESSEZIMMER<\/h1>\t\t\t\t<\/div>\n\t\t\t\t<\/div>\n\t\t\t\t\t<\/div>\n\t\t<\/div>\n\t\t\t\t\t<\/div>\n\t\t<\/section>\n\t\t\t\t<section class=\"elementor-section elementor-top-section elementor-element elementor-element-286e277 elementor-section-boxed elementor-section-height-default elementor-section-height-default\" data-id=\"286e277\" data-element_type=\"section\" data-e-type=\"section\">\n\t\t\t\t\t\t<div class=\"elementor-container elementor-column-gap-default\">\n\t\t\t\t\t<div class=\"elementor-column elementor-col-50 elementor-top-column elementor-element elementor-element-54b3853\" data-id=\"54b3853\" data-element_type=\"column\" data-e-type=\"column\">\n\t\t\t<div class=\"elementor-widget-wrap elementor-element-populated\">\n\t\t\t\t\t\t<div class=\"elementor-element elementor-element-c96ed3c elementor-widget elementor-widget-heading\" data-id=\"c96ed3c\" data-element_type=\"widget\" data-e-type=\"widget\" data-widget_type=\"heading.default\">\n\t\t\t\t<div class=\"elementor-widget-container\">\n\t\t\t\t\t<h1 class=\"elementor-heading-title elementor-size-default\">Yahoo TV \"Stimmt etwas nicht mit den Eltern?\" Programm-Kooperationsempfehlung<\/h1>\t\t\t\t<\/div>\n\t\t\t\t<\/div>\n\t\t\t\t<div class=\"elementor-element elementor-element-3b6ca39 elementor-widget-divider--view-line elementor-widget elementor-widget-divider\" data-id=\"3b6ca39\" data-element_type=\"widget\" data-e-type=\"widget\" data-widget_type=\"divider.default\">\n\t\t\t\t<div class=\"elementor-widget-container\">\n\t\t\t\t\t\t\t<div class=\"elementor-divider\">\n\t\t\t<span class=\"elementor-divider-separator\">\n\t\t\t\t\t\t<\/span>\n\t\t<\/div>\n\t\t\t\t\t\t<\/div>\n\t\t\t\t<\/div>\n\t\t\t\t<div class=\"elementor-element elementor-element-ea174cb elementor-widget elementor-widget-text-editor\" data-id=\"ea174cb\" data-element_type=\"widget\" data-e-type=\"widget\" data-widget_type=\"text-editor.default\">\n\t\t\t\t<div class=\"elementor-widget-container\">\n\t\t\t\t\t\t\t\t\t<p>\"Als Elternteil sind Sie unabh\u00e4ngig davon, ob Sie zu Hause sind oder nicht, m\u00fcde von der Arbeit und der Betreuung Ihrer Kinder? Kein Problem, eine gute Sache f\u00fcr Eltern,\" <strong>PISOOKA<\/strong> Muskelentspannungs-Faszienpistole hilft Ihrem K\u00f6rper, Erm\u00fcdung abzubauen, und gibt Eltern die Kraft, jeder Herausforderung im Leben, gro\u00df oder klein, zu begegnen!<\/p>\t\t\t\t\t\t\t\t<\/div>\n\t\t\t\t<\/div>\n\t\t\t\t\t<\/div>\n\t\t<\/div>\n\t\t\t\t<div class=\"elementor-column elementor-col-50 elementor-top-column elementor-element elementor-element-7554eba\" data-id=\"7554eba\" data-element_type=\"column\" data-e-type=\"column\">\n\t\t\t<div class=\"elementor-widget-wrap elementor-element-populated\">\n\t\t\t\t\t\t<div class=\"elementor-element elementor-element-2b09825 elementor-widget elementor-widget-image\" data-id=\"2b09825\" data-element_type=\"widget\" data-e-type=\"widget\" data-widget_type=\"image.default\">\n\t\t\t\t<div class=\"elementor-widget-container\">\n\t\t\t\t\t\t\t\t\t\t\t\t\t\t\t<img fetchpriority=\"high\" decoding=\"async\" width=\"600\" height=\"335\" src=\"https:\/\/pisooka.eu\/wp-content\/uploads\/2021\/01\/yahoo.jpg\" class=\"attachment-large size-large wp-image-2681\" alt=\"Pisooka Mini-Massagepistole\" srcset=\"https:\/\/pisooka.eu\/wp-content\/uploads\/2021\/01\/yahoo.jpg 600w, https:\/\/pisooka.eu\/wp-content\/uploads\/2021\/01\/yahoo-400x223.jpg 400w\" sizes=\"(max-width: 600px) 100vw, 600px\" title=\"Pisooka Mini-Massagepistole\">\t\t\t\t\t\t\t\t\t\t\t\t\t\t\t<\/div>\n\t\t\t\t<\/div>\n\t\t\t\t\t<\/div>\n\t\t<\/div>\n\t\t\t\t\t<\/div>\n\t\t<\/section>\n\t\t\t\t<section class=\"elementor-section elementor-top-section elementor-element elementor-element-1f0c2a5 elementor-section-boxed elementor-section-height-default elementor-section-height-default\" data-id=\"1f0c2a5\" data-element_type=\"section\" data-e-type=\"section\">\n\t\t\t\t\t\t<div class=\"elementor-container elementor-column-gap-default\">\n\t\t\t\t\t<div class=\"elementor-column elementor-col-50 elementor-top-column elementor-element elementor-element-0b13e93\" data-id=\"0b13e93\" data-element_type=\"column\" data-e-type=\"column\">\n\t\t\t<div class=\"elementor-widget-wrap elementor-element-populated\">\n\t\t\t\t\t\t<div class=\"elementor-element elementor-element-f4d007c elementor-widget elementor-widget-heading\" data-id=\"f4d007c\" data-element_type=\"widget\" data-e-type=\"widget\" data-widget_type=\"heading.default\">\n\t\t\t\t<div class=\"elementor-widget-container\">\n\t\t\t\t\t<h1 class=\"elementor-heading-title elementor-size-default\">Boen Yeye Show Kooperationsempfehlung!<\/h1>\t\t\t\t<\/div>\n\t\t\t\t<\/div>\n\t\t\t\t<div class=\"elementor-element elementor-element-8521f0f elementor-widget-divider--view-line elementor-widget elementor-widget-divider\" data-id=\"8521f0f\" data-element_type=\"widget\" data-e-type=\"widget\" data-widget_type=\"divider.default\">\n\t\t\t\t<div class=\"elementor-widget-container\">\n\t\t\t\t\t\t\t<div class=\"elementor-divider\">\n\t\t\t<span class=\"elementor-divider-separator\">\n\t\t\t\t\t\t<\/span>\n\t\t<\/div>\n\t\t\t\t\t\t<\/div>\n\t\t\t\t<\/div>\n\t\t\t\t<div class=\"elementor-element elementor-element-8ee365f elementor-widget elementor-widget-text-editor\" data-id=\"8ee365f\" data-element_type=\"widget\" data-e-type=\"widget\" data-widget_type=\"text-editor.default\">\n\t\t\t\t<div class=\"elementor-widget-container\">\n\t\t\t\t\t\t\t\t\t<p>Ein besonderer Dank geht an das Frauenbasketball-Team der Minzu Junior High School und Trainer Xu Xiumian! Nat\u00fcrlich gibt es auch Mitglieder der Boen Yeye Show, die hart daran arbeiten, Dreipunktew\u00fcrfe in der Halbzeit zu werfen.<\/p>\t\t\t\t\t\t\t\t<\/div>\n\t\t\t\t<\/div>\n\t\t\t\t\t<\/div>\n\t\t<\/div>\n\t\t\t\t<div class=\"elementor-column elementor-col-50 elementor-top-column elementor-element elementor-element-f11345f\" data-id=\"f11345f\" data-element_type=\"column\" data-e-type=\"column\">\n\t\t\t<div class=\"elementor-widget-wrap elementor-element-populated\">\n\t\t\t\t\t\t<div class=\"elementor-element elementor-element-4369fa3 elementor-widget elementor-widget-video\" data-id=\"4369fa3\" data-element_type=\"widget\" data-e-type=\"widget\" data-settings=\"{&quot;youtube_url&quot;:&quot;https:\\\/\\\/youtu.be\\\/8wy1TPn_6j0&quot;,&quot;video_type&quot;:&quot;youtube&quot;,&quot;controls&quot;:&quot;yes&quot;}\" data-widget_type=\"video.default\">\n\t\t\t\t<div class=\"elementor-widget-container\">\n\t\t\t\t\t\t\t<div class=\"elementor-wrapper elementor-open-inline\">\n\t\t\t<div class=\"elementor-video\"><\/div>\t\t<\/div>\n\t\t\t\t\t\t<\/div>\n\t\t\t\t<\/div>\n\t\t\t\t\t<\/div>\n\t\t<\/div>\n\t\t\t\t\t<\/div>\n\t\t<\/section>\n\t\t\t\t<\/div>","protected":false},"excerpt":{"rendered":"<p>HOME NEWSROOM Yahoo TV &#8220;Is there something wrong with parents? \u300bProgram cooperation recommendation As a parent, whether you are at home or not, are you tired of working and taking care of your children? It doesn&#8217;t matter, a good thing for parents, PISOOKA muscle relaxation fascia gun, helps your body relieve fatigue, and makes parents &hellip;<\/p>\n<p class=\"read-more\"> <a class=\"\" href=\"https:\/\/pisooka.eu\/de\/nachrichtenredaktion\/\"> <span class=\"screen-reader-text\">PRESSEZIMMER<\/span> Weiterlesen \u00bb<\/a><\/p>","protected":false},"author":2603,"featured_media":0,"parent":0,"menu_order":0,"comment_status":"closed","ping_status":"closed","template":"elementor_header_footer","meta":{"site-sidebar-layout":"default","site-content-layout":"default","ast-global-header-display":"","ast-banner-title-visibility":"","ast-main-header-display":"","ast-hfb-above-header-display":"","ast-hfb-below-header-display":"","ast-hfb-mobile-header-display":"","site-post-title":"","ast-breadcrumbs-content":"","ast-featured-img":"","footer-sml-layout":"","theme-transparent-header-meta":"","adv-header-id-meta":"","stick-header-meta":"","header-above-stick-meta":"","header-main-stick-meta":"","header-below-stick-meta":"","footnotes":""},"class_list":["post-2675","page","type-page","status-publish","hentry"],"_links":{"self":[{"href":"https:\/\/pisooka.eu\/de\/wp-json\/wp\/v2\/pages\/2675","targetHints":{"allow":["GET"]}}],"collection":[{"href":"https:\/\/pisooka.eu\/de\/wp-json\/wp\/v2\/pages"}],"about":[{"href":"https:\/\/pisooka.eu\/de\/wp-json\/wp\/v2\/types\/page"}],"author":[{"embeddable":true,"href":"https:\/\/pisooka.eu\/de\/wp-json\/wp\/v2\/users\/2603"}],"replies":[{"embeddable":true,"href":"https:\/\/pisooka.eu\/de\/wp-json\/wp\/v2\/comments?post=2675"}],"version-history":[{"count":1,"href":"https:\/\/pisooka.eu\/de\/wp-json\/wp\/v2\/pages\/2675\/revisions"}],"predecessor-version":[{"id":30485,"href":"https:\/\/pisooka.eu\/de\/wp-json\/wp\/v2\/pages\/2675\/revisions\/30485"}],"wp:attachment":[{"href":"https:\/\/pisooka.eu\/de\/wp-json\/wp\/v2\/media?parent=2675"}],"curies":[{"name":"wp","href":"https:\/\/api.w.org\/{rel}","templated":true}]}}