{"id":2562,"date":"2021-01-26T14:28:40","date_gmt":"2021-01-26T06:28:40","guid":{"rendered":"https:\/\/projectmars1.wpengine.com\/?page_id=2562"},"modified":"2023-04-25T17:56:44","modified_gmt":"2023-04-25T16:56:44","slug":"terms-of-service","status":"publish","type":"page","link":"https:\/\/pisooka.eu\/de\/terms-of-service\/","title":{"rendered":"Nutzungsbedingungen"},"content":{"rendered":"<div data-elementor-type=\"wp-page\" data-elementor-id=\"2562\" class=\"elementor elementor-2562\" data-elementor-post-type=\"page\">\n\t\t\t\t\t\t<section class=\"elementor-section elementor-top-section elementor-element elementor-element-b894cd2 elementor-section-full_width elementor-section-height-default elementor-section-height-default\" data-id=\"b894cd2\" data-element_type=\"section\" data-e-type=\"section\">\n\t\t\t\t\t\t<div class=\"elementor-container elementor-column-gap-default\">\n\t\t\t\t\t<div class=\"elementor-column elementor-col-100 elementor-top-column elementor-element elementor-element-81de233\" data-id=\"81de233\" data-element_type=\"column\" data-e-type=\"column\">\n\t\t\t<div class=\"elementor-widget-wrap elementor-element-populated\">\n\t\t\t\t\t\t<div class=\"elementor-element elementor-element-74df409 jet-breadcrumbs-on-front-yes jet-breadcrumbs-align-left elementor-widget elementor-widget-jet-breadcrumbs\" data-id=\"74df409\" data-element_type=\"widget\" data-e-type=\"widget\" data-widget_type=\"jet-breadcrumbs.default\">\n\t\t\t\t<div class=\"elementor-widget-container\">\n\t\t\t\t\t<div class=\"elementor-jet-breadcrumbs jet-blocks\">\n\t\t<div class=\"jet-breadcrumbs\">\n\t\t<div class=\"jet-breadcrumbs__content\">\n\t\t<div class=\"jet-breadcrumbs__wrap\"><div class=\"jet-breadcrumbs__item\"><a href=\"https:\/\/pisooka.eu\/de\/\" class=\"jet-breadcrumbs__item-link is-home\" rel=\"home\" title=\"Heim\">Heim<\/a><\/div>\n\t\t<\/div>\n\t\t<\/div>\n\t\t<\/div><\/div>\t\t\t\t<\/div>\n\t\t\t\t<\/div>\n\t\t\t\t\t<\/div>\n\t\t<\/div>\n\t\t\t\t\t<\/div>\n\t\t<\/section>\n\t\t\t\t<section class=\"elementor-section elementor-top-section elementor-element elementor-element-19e57ee elementor-section-height-min-height elementor-section-boxed elementor-section-height-default elementor-section-items-middle\" data-id=\"19e57ee\" data-element_type=\"section\" data-e-type=\"section\" data-settings=\"{&quot;background_background&quot;:&quot;classic&quot;}\">\n\t\t\t\t\t\t\t<div class=\"elementor-background-overlay\"><\/div>\n\t\t\t\t\t\t\t<div class=\"elementor-container elementor-column-gap-default\">\n\t\t\t\t\t<div class=\"elementor-column elementor-col-100 elementor-top-column elementor-element elementor-element-c96e421\" data-id=\"c96e421\" data-element_type=\"column\" data-e-type=\"column\">\n\t\t\t<div class=\"elementor-widget-wrap elementor-element-populated\">\n\t\t\t\t\t\t<div class=\"elementor-element elementor-element-19a2ab9 elementor-widget elementor-widget-text-editor\" data-id=\"19a2ab9\" data-element_type=\"widget\" data-e-type=\"widget\" data-widget_type=\"text-editor.default\">\n\t\t\t\t<div class=\"elementor-widget-container\">\n\t\t\t\t\t\t\t\t\t<p>Projekt Mars Co., Ltd.<\/p>\t\t\t\t\t\t\t\t<\/div>\n\t\t\t\t<\/div>\n\t\t\t\t<div class=\"elementor-element elementor-element-89f6e8b elementor-widget elementor-widget-heading\" data-id=\"89f6e8b\" data-element_type=\"widget\" data-e-type=\"widget\" data-widget_type=\"heading.default\">\n\t\t\t\t<div class=\"elementor-widget-container\">\n\t\t\t\t\t<h1 class=\"elementor-heading-title elementor-size-default\">Servicebedingungen<\/h1>\t\t\t\t<\/div>\n\t\t\t\t<\/div>\n\t\t\t\t\t<\/div>\n\t\t<\/div>\n\t\t\t\t\t<\/div>\n\t\t<\/section>\n\t\t\t\t<section class=\"elementor-section elementor-top-section elementor-element elementor-element-33b7eecb elementor-section-boxed elementor-section-height-default elementor-section-height-default\" data-id=\"33b7eecb\" data-element_type=\"section\" data-e-type=\"section\">\n\t\t\t\t\t\t<div class=\"elementor-container elementor-column-gap-default\">\n\t\t\t\t\t<div class=\"elementor-column elementor-col-100 elementor-top-column elementor-element elementor-element-5c5eb9f3\" data-id=\"5c5eb9f3\" data-element_type=\"column\" data-e-type=\"column\">\n\t\t\t<div class=\"elementor-widget-wrap elementor-element-populated\">\n\t\t\t\t\t\t<div class=\"elementor-element elementor-element-30e4a88 elementor-widget elementor-widget-text-editor\" data-id=\"30e4a88\" data-element_type=\"widget\" data-e-type=\"widget\" data-widget_type=\"text-editor.default\">\n\t\t\t\t<div class=\"elementor-widget-container\">\n\t\t\t\t\t\t\t\t\t<p><\/p>\n<p>1. Rechtm\u00e4\u00dfige Nutzung der Website:<\/p>\n<p>Durch den Zugriff und die Nutzung dieser Website stimmen Sie der System\u00fcberwachung und -ausf\u00fchrung f\u00fcr rechtliche oder andere Zwecke zu. Jede unbefugte Nutzung dieser Website kann zu strafrechtlicher Verfolgung oder Geldstrafen f\u00fchren.<\/p>\n<p>2. Der Benutzer stimmt zu, die \"Nutzungsbedingungen\" zu akzeptieren:<\/p>\n<p>Durch den Zugriff und die Nutzung dieser Website erkl\u00e4ren Sie sich damit einverstanden, sich an die \"Nutzungsbedingungen\" und andere rechtliche Bestimmungen in Bezug auf Urheberrecht, Markenrecht, Netzwerk-Geistiges Eigentumsrecht, Datenschutzrecht usw. zu halten.<\/p>\n<p>3. Projekt Mars beh\u00e4lt sich das Recht vor:<\/p>\n<p>Projekt Mars kann jederzeit und ohne vorherige oder separate Benachrichtigung der Benutzer Webseiten-Informationen l\u00f6schen, \u00e4ndern oder erg\u00e4nzen oder Webseiten-Servicefunktionen \u00e4ndern; es kann auch diese \"Nutzungsbedingungen\" von Zeit zu Zeit \u00fcberarbeiten, und sie werden unmittelbar nach Ver\u00f6ffentlichung auf der Website wirksam, ohne dass Projekt Mars dazu verpflichtet ist, Benutzer vorher oder separat zu benachrichtigen oder irgendwelche Verantwortung gegen\u00fcber dem Benutzer zu \u00fcbernehmen.<\/p>\n<p>Regeln, an die sich Benutzer halten m\u00fcssen:<\/p>\n<p>Ressourcen im Zusammenhang mit Computersystemen und Netzwerkkommunikationen, einschlie\u00dflich aller Computerger\u00e4te, Peripheriesysteme, Server, aller verbundenen Netzwerke und Daten, Informationen, Berichte, Fotos, Bilder, Diagramme, Programme und verwandte Speichermedien wie B\u00e4nder, Disketten, CDs, Speicherkarten usw. einschlie\u00dflich aller damit verbundenen Urheberrechte und exklusiven Rechte an den Inhalten der Website geh\u00f6ren dem Eigentum von Projekt Mars. Wenn Benutzer das System und die Informationen nutzen, sollten sie sich an folgende Regeln halten:<\/p>\n<p>(1). Benutzern ist es nicht gestattet, das Computersystem, die netzwerkbezogenen Ressourcen oder Dienste, die von der Projekt Mars-Website bereitgestellt werden, f\u00fcr illegale Aktivit\u00e4ten zu nutzen; Sie d\u00fcrfen keine Aktivit\u00e4ten ausf\u00fchren, die \u00fcber die Website des Zentrums andere bedrohen, diffamieren, bel\u00e4stigen oder beleidigen oder andere Straftaten begehen.<\/p>\n<p>(2). Alle geistigen Eigentumsrechte an den auf der Projekt Mars-Website gespeicherten und angezeigten Daten und Inhalten, einschlie\u00dflich Firmenlogos, Marken, Dienstleistungsmarken usw., geh\u00f6ren zum Eigentum von \"Project Mars\"; Benutzern ist es nicht gestattet, Daten oder Programme, die im System des Zentrums gespeichert sind, ohne Genehmigung zu verwenden oder darauf zuzugreifen, zu verbreiten, zu kopieren, zu modifizieren, zu ver\u00f6ffentlichen oder zu \u00fcbertragen.<\/p>\n<p>(3). Benutzer d\u00fcrfen kein Verhalten an den Tag legen, das dem Projekt Mars schadet und den normalen Datenverkehr im Netzwerk beeintr\u00e4chtigen k\u00f6nnte.<\/p>\n<p>(4). Benutzer haben keinerlei Rechte an der Projekt Mars Website oder den dort bereitgestellten Informationen. Benutzer d\u00fcrfen die Informationen oder Dienste, die von dieser Website des Zentrums bereitgestellt werden, in keiner anderen Weise und f\u00fcr kein anderes Zweck verwenden.<\/p>\n<p>(5). Benutzer d\u00fcrfen keine Computerprogrammpfade enthalten, die Viren oder andere Absichten zur Besch\u00e4digung, Beeintr\u00e4chtigung oder Verringerung der Effizienz des Systems oder Netzwerks des Zentrums oder der Qualit\u00e4t der damit verbundenen Dienstleistungen des Project Mars-Websites enthalten, betreten oder hochladen.<\/p>\n<p>4. Verkn\u00fcpfungen zu externen Websites:<\/p>\n<p>Die Website von Project Mars kann Links zu anderen Websites bereitstellen. Benutzer erkennen an und stimmen zu, dass das Zentrum nicht f\u00fcr den Inhalt, die Richtigkeit oder G\u00fcltigkeit solcher Websites Dritter verantwortlich ist.<\/p>\n<p>5. Entsch\u00e4digung f\u00fcr Vertragsbruch:<\/p>\n<p>Wenn der Benutzer gegen die Nutzungsbedingungen oder andere einschl\u00e4gige Urheberrechts-, Zivil- und Strafgesetze verst\u00f6\u00dft und dadurch Verluste f\u00fcr das Zentrum oder Dritte verursacht, erkl\u00e4rt sich der Benutzer damit einverstanden, die Haftung f\u00fcr den entstandenen Schaden zu tragen.<\/p>\n<p>6. Gerichtsbarkeit:<\/p>\n<p>Die \"Nutzungsbedingungen\" unterliegen den Gesetzen der Republik China.<\/p>\n<p><\/p>\t\t\t\t\t\t\t\t<\/div>\n\t\t\t\t<\/div>\n\t\t\t\t\t<\/div>\n\t\t<\/div>\n\t\t\t\t\t<\/div>\n\t\t<\/section>\n\t\t\t\t<\/div>","protected":false},"excerpt":{"rendered":"<p>Home Project Mars Co., Ltd. Servicebedingungen 1. Gesetzlich autorisierte Nutzung der Website: Wenn Sie diese Website aufrufen und nutzen, stimmen Sie der System\u00fcberwachung und -ausf\u00fchrung f\u00fcr rechtliche oder andere Zwecke zu. Jede unbefugte Nutzung dieser Website kann strafrechtlich verfolgt oder mit Geldstrafen belegt werden. 2. Der Benutzer erkl\u00e4rt sich damit einverstanden, \u2026<\/p>\n<p class=\"read-more\"> <a class=\"\" href=\"https:\/\/pisooka.eu\/de\/terms-of-service\/\"> <span class=\"screen-reader-text\">Nutzungsbedingungen<\/span> Weiterlesen \u00bb<\/a><\/p>","protected":false},"author":2603,"featured_media":0,"parent":0,"menu_order":0,"comment_status":"closed","ping_status":"closed","template":"elementor_header_footer","meta":{"site-sidebar-layout":"default","site-content-layout":"default","ast-global-header-display":"","ast-banner-title-visibility":"","ast-main-header-display":"","ast-hfb-above-header-display":"","ast-hfb-below-header-display":"","ast-hfb-mobile-header-display":"","site-post-title":"","ast-breadcrumbs-content":"","ast-featured-img":"","footer-sml-layout":"","theme-transparent-header-meta":"","adv-header-id-meta":"","stick-header-meta":"","header-above-stick-meta":"","header-main-stick-meta":"","header-below-stick-meta":"","footnotes":""},"class_list":["post-2562","page","type-page","status-publish","hentry"],"_links":{"self":[{"href":"https:\/\/pisooka.eu\/de\/wp-json\/wp\/v2\/pages\/2562","targetHints":{"allow":["GET"]}}],"collection":[{"href":"https:\/\/pisooka.eu\/de\/wp-json\/wp\/v2\/pages"}],"about":[{"href":"https:\/\/pisooka.eu\/de\/wp-json\/wp\/v2\/types\/page"}],"author":[{"embeddable":true,"href":"https:\/\/pisooka.eu\/de\/wp-json\/wp\/v2\/users\/2603"}],"replies":[{"embeddable":true,"href":"https:\/\/pisooka.eu\/de\/wp-json\/wp\/v2\/comments?post=2562"}],"version-history":[{"count":1,"href":"https:\/\/pisooka.eu\/de\/wp-json\/wp\/v2\/pages\/2562\/revisions"}],"predecessor-version":[{"id":30493,"href":"https:\/\/pisooka.eu\/de\/wp-json\/wp\/v2\/pages\/2562\/revisions\/30493"}],"wp:attachment":[{"href":"https:\/\/pisooka.eu\/de\/wp-json\/wp\/v2\/media?parent=2562"}],"curies":[{"name":"wp","href":"https:\/\/api.w.org\/{rel}","templated":true}]}}