{"id":2559,"date":"2021-01-26T14:23:58","date_gmt":"2021-01-26T06:23:58","guid":{"rendered":"https:\/\/projectmars1.wpengine.com\/?page_id=2559"},"modified":"2023-04-25T17:54:45","modified_gmt":"2023-04-25T16:54:45","slug":"privacy-policy","status":"publish","type":"page","link":"https:\/\/pisooka.eu\/de\/privacy-policy\/","title":{"rendered":"Datenschutzrichtlinie"},"content":{"rendered":"<div data-elementor-type=\"wp-page\" data-elementor-id=\"2559\" class=\"elementor elementor-2559\" data-elementor-post-type=\"page\">\n\t\t\t\t\t\t<section class=\"elementor-section elementor-top-section elementor-element elementor-element-76f60bd elementor-section-full_width elementor-section-height-default elementor-section-height-default\" data-id=\"76f60bd\" data-element_type=\"section\" data-e-type=\"section\">\n\t\t\t\t\t\t<div class=\"elementor-container elementor-column-gap-default\">\n\t\t\t\t\t<div class=\"elementor-column elementor-col-100 elementor-top-column elementor-element elementor-element-172b02a\" data-id=\"172b02a\" data-element_type=\"column\" data-e-type=\"column\">\n\t\t\t<div class=\"elementor-widget-wrap elementor-element-populated\">\n\t\t\t\t\t\t<div class=\"elementor-element elementor-element-570d9c6 jet-breadcrumbs-on-front-yes jet-breadcrumbs-align-left elementor-widget elementor-widget-jet-breadcrumbs\" data-id=\"570d9c6\" data-element_type=\"widget\" data-e-type=\"widget\" data-widget_type=\"jet-breadcrumbs.default\">\n\t\t\t\t<div class=\"elementor-widget-container\">\n\t\t\t\t\t<div class=\"elementor-jet-breadcrumbs jet-blocks\">\n\t\t<div class=\"jet-breadcrumbs\">\n\t\t<div class=\"jet-breadcrumbs__content\">\n\t\t<div class=\"jet-breadcrumbs__wrap\"><div class=\"jet-breadcrumbs__item\"><a href=\"https:\/\/pisooka.eu\/de\/\" class=\"jet-breadcrumbs__item-link is-home\" rel=\"home\" title=\"Heim\">Heim<\/a><\/div>\n\t\t<\/div>\n\t\t<\/div>\n\t\t<\/div><\/div>\t\t\t\t<\/div>\n\t\t\t\t<\/div>\n\t\t\t\t\t<\/div>\n\t\t<\/div>\n\t\t\t\t\t<\/div>\n\t\t<\/section>\n\t\t\t\t<section class=\"elementor-section elementor-top-section elementor-element elementor-element-611ae2d elementor-section-height-min-height elementor-section-boxed elementor-section-height-default elementor-section-items-middle\" data-id=\"611ae2d\" data-element_type=\"section\" data-e-type=\"section\" data-settings=\"{&quot;background_background&quot;:&quot;classic&quot;}\">\n\t\t\t\t\t\t\t<div class=\"elementor-background-overlay\"><\/div>\n\t\t\t\t\t\t\t<div class=\"elementor-container elementor-column-gap-default\">\n\t\t\t\t\t<div class=\"elementor-column elementor-col-100 elementor-top-column elementor-element elementor-element-8f125e3\" data-id=\"8f125e3\" data-element_type=\"column\" data-e-type=\"column\">\n\t\t\t<div class=\"elementor-widget-wrap elementor-element-populated\">\n\t\t\t\t\t\t<div class=\"elementor-element elementor-element-b17c34b elementor-widget elementor-widget-text-editor\" data-id=\"b17c34b\" data-element_type=\"widget\" data-e-type=\"widget\" data-widget_type=\"text-editor.default\">\n\t\t\t\t<div class=\"elementor-widget-container\">\n\t\t\t\t\t\t\t\t\t<p>Projekt Mars Co., Ltd.<\/p>\t\t\t\t\t\t\t\t<\/div>\n\t\t\t\t<\/div>\n\t\t\t\t<div class=\"elementor-element elementor-element-ad274d2 elementor-widget elementor-widget-heading\" data-id=\"ad274d2\" data-element_type=\"widget\" data-e-type=\"widget\" data-widget_type=\"heading.default\">\n\t\t\t\t<div class=\"elementor-widget-container\">\n\t\t\t\t\t<h1 class=\"elementor-heading-title elementor-size-default\">Datenschutzrichtlinie<\/h1>\t\t\t\t<\/div>\n\t\t\t\t<\/div>\n\t\t\t\t\t<\/div>\n\t\t<\/div>\n\t\t\t\t\t<\/div>\n\t\t<\/section>\n\t\t\t\t<section class=\"elementor-section elementor-top-section elementor-element elementor-element-24f03652 elementor-section-boxed elementor-section-height-default elementor-section-height-default\" data-id=\"24f03652\" data-element_type=\"section\" data-e-type=\"section\">\n\t\t\t\t\t\t<div class=\"elementor-container elementor-column-gap-default\">\n\t\t\t\t\t<div class=\"elementor-column elementor-col-100 elementor-top-column elementor-element elementor-element-2cbcaeba\" data-id=\"2cbcaeba\" data-element_type=\"column\" data-e-type=\"column\">\n\t\t\t<div class=\"elementor-widget-wrap elementor-element-populated\">\n\t\t\t\t\t\t<div class=\"elementor-element elementor-element-24dcaa5a elementor-widget elementor-widget-text-editor\" data-id=\"24dcaa5a\" data-element_type=\"widget\" data-e-type=\"widget\" data-widget_type=\"text-editor.default\">\n\t\t\t\t<div class=\"elementor-widget-container\">\n\t\t\t\t\t\t\t\t\t\n<p>Projekt Mars (im Folgenden als diese Website bezeichnet),<\/p>\n<p>Um Ihnen die Nutzung der Dienste und Informationen auf dieser Website zu erm\u00f6glichen und Ihnen ein sicheres Gef\u00fchl zu geben,<\/p>\n<p>Hiermit erkl\u00e4ren wir Ihnen die Datenschutzrichtlinie dieser Website zum Schutz Ihrer Rechte und Interessen. Bitte lesen Sie die folgenden Inhalte sorgf\u00e4ltig durch:<\/p>\n<p>1. Anwendungsbereich der Datenschutzerkl\u00e4rung<\/p>\n<p>Der Inhalt der Datenschutzerkl\u00e4rung umfasst, wie wir personenbezogene Informationen verarbeiten, die bei der Nutzung des Website-Dienstes gesammelt werden. Die Datenschutzerkl\u00e4rung gilt nicht f\u00fcr damit verlinkte Websites, die nicht zu dieser Website geh\u00f6ren, noch f\u00fcr Mitarbeiter, die nicht beauftragt oder an der Verwaltung dieser Website beteiligt sind.<\/p>\n<p>2. Erfassung, Verarbeitung und Nutzung personenbezogener Daten<\/p>\n<p>Wenn Sie unsere Produkte kaufen, bitten wir Sie je nach Art des Gesch\u00e4fts oder der Aktivit\u00e4t um die notwendigen personenbezogenen Daten und verarbeiten und nutzen Ihre personenbezogenen Daten innerhalb des spezifischen Zwecks. Ohne Ihre schriftliche Zustimmung werden personenbezogene Daten dieser Website nicht f\u00fcr andere Zwecke verwendet.<br \/>Wenn Sie interaktive Funktionen wie Service-Mailboxen und Frageb\u00f6gen nutzen, speichert diese Website den Namen, die E-Mail-Adresse, Kontaktinformationen und die Nutzungszeit, die Sie bereitstellen.<br \/>W\u00e4hrend des allgemeinen Surfens zeichnet der Server selbst relevante Verhaltensweisen auf, einschlie\u00dflich der IP-Adresse des verwendeten Ger\u00e4ts, der Nutzungszeit, des verwendeten Browsers, der Durchsuchung und Klickdaten, etc., als Referenz f\u00fcr uns, um die Website-Dienste zu verbessern. Diese Aufzeichnung dient ausschlie\u00dflich internen Zwecken und wird niemals ver\u00f6ffentlicht.<br \/>Um genaue Dienstleistungen zu erbringen, werden wir Statistiken und Analysen \u00fcber den Inhalt der gesammelten Frageb\u00f6gen durchf\u00fchren und die statistischen Daten oder erl\u00e4uternden Texte der Analyseergebnisse pr\u00e4sentieren. Mit Ausnahme interner Forschung werden wir statistische Daten und erl\u00e4uternde Texte bei Bedarf ver\u00f6ffentlichen, die aber keine spezifischen personenbezogenen Informationen enthalten.<br \/>3. Datenschutz<\/p>\n<p>Die Hosts dieser Website verwenden alle Linode-Server und sind mit Firewalls, Antiviren-Systemen und anderen relevanten Informationssicherheitsger\u00e4ten sowie notwendigen Sicherheitsschutzma\u00dfnahmen ausgestattet, um die Website und Ihre pers\u00f6nlichen Daten zu sch\u00fctzen. Es werden strenge Schutzma\u00dfnahmen angewendet, und nur autorisierte Personen haben Zugang zu Ihren pers\u00f6nlichen Informationen, und die relevanten Verarbeitungspersonen haben eine Vertraulichkeitsvereinbarung unterzeichnet. Jeder, der gegen die Vertraulichkeitspflicht verst\u00f6\u00dft, wird rechtlichen Sanktionen unterworfen.<br \/>Wenn es aufgrund gesch\u00e4ftlicher Anforderungen erforderlich ist, andere Einheiten mit der Erbringung von Dienstleistungen zu beauftragen, wird diese Website auch von ihnen verlangen, ihre Vertraulichkeitspflichten einzuhalten, und notwendige \u00dcberpr\u00fcfungsverfahren durchf\u00fchren, um sicherzustellen, dass sie tats\u00e4chlich einhalten.<br \/>4. Externe Links der Website<\/p>\n<p>Die Webseiten dieser Website bieten Netzwerklinks zu anderen Websites an, und Sie k\u00f6nnen auch durch die auf dieser Website bereitgestellten Links auf andere Websites klicken. Die verlinkte Website gilt jedoch nicht f\u00fcr die Datenschutzrichtlinie dieser Website, und Sie m\u00fcssen sich auf die Datenschutzrichtlinie in der verlinkten Website beziehen.<\/p>\n<p>5. Richtlinie zum Teilen personenbezogener Daten mit Dritten<\/p>\n<p>Diese Website wird niemals Ihre pers\u00f6nlichen Daten an andere Einzelpersonen, Gruppen, private Unternehmen oder \u00f6ffentliche Stellen bereitstellen, austauschen, vermieten oder verkaufen, aber diejenigen mit rechtlicher Grundlage oder vertraglichen Verpflichtungen sind nicht von dieser Beschr\u00e4nkung betroffen.<\/p>\n<p>Die Umst\u00e4nde des Vorbehalts im vorherigen Absatz umfassen, sind aber nicht beschr\u00e4nkt auf:<\/p>\n<p>Mit Ihrer schriftlichen Zustimmung.<br \/>Das Gesetz schreibt es ausdr\u00fccklich vor.<br \/>Um Gefahr f\u00fcr Ihr Leben, Ihre k\u00f6rperliche Unversehrtheit, Freiheit oder Ihr Eigentum zu vermeiden.<br \/>Die Zusammenarbeit mit \u00f6ffentlichen Stellen oder akademischen Forschungseinrichtungen ist zur statistischen oder akademischen Forschung im \u00f6ffentlichen Interesse erforderlich, und die Daten werden vom Anbieter verarbeitet oder gesammelt und die spezifische Partei kann nicht anhand der Offenlegungsmethode identifiziert werden.<br \/>Wenn Ihr Verhalten auf der Website gegen die Nutzungsbedingungen verst\u00f6\u00dft oder die Rechte und Interessen der Website und anderer Benutzer beeintr\u00e4chtigen oder Sch\u00e4den an einer Person verursachen kann, ist die Offenlegung Ihrer pers\u00f6nlichen Informationen durch die Website-Managementeinheit zur Identifikation, Kontaktaufnahme oder rechtlichen Schritten erforderlich.<br \/>Zum Nutzen Ihrer Interessen.<br \/>Wenn diese Website Anbieter beauftragt, bei der Erhebung, Verarbeitung oder Nutzung Ihrer pers\u00f6nlichen Daten zu helfen, ist sie f\u00fcr die \u00dcberwachung und Verwaltung der ausgelagerten Anbieter oder Personen verantwortlich.<br \/>6. Verwendung von Cookies<\/p>\n<p>Um Ihnen den besten Service zu bieten, platziert und nutzt diese Website unsere Cookies auf Ihrem Computer. Wenn Sie das Schreiben von Cookies nicht akzeptieren m\u00f6chten, k\u00f6nnen Sie den Datenschutzgrad in der Funktion Ihres Browsers einstellen. Bei einer hohen Einstellung kann das Schreiben von Cookies abgelehnt werden, dies kann jedoch dazu f\u00fchren, dass einige Funktionen der Website nicht ordnungsgem\u00e4\u00df ausgef\u00fchrt werden k\u00f6nnen.<\/p>\n<p>7. \u00c4nderungen der Datenschutzrichtlinie<\/p>\n<p>Die Datenschutzrichtlinie dieser Website wird jederzeit entsprechend der Nachfrage ge\u00e4ndert, und die ge\u00e4nderten Bedingungen werden auf der Website ver\u00f6ffentlicht.<\/p>\n\t\t\t\t\t\t\t\t<\/div>\n\t\t\t\t<\/div>\n\t\t\t\t\t<\/div>\n\t\t<\/div>\n\t\t\t\t\t<\/div>\n\t\t<\/section>\n\t\t\t\t<\/div>","protected":false},"excerpt":{"rendered":"<p>Home Project Mars Co., Ltd. Privacy Policy\u200b Project Mars (hereinafter referred to as this website), In order to allow you to use the services and information on this website with peace of mind, Hereby explain to you the privacy protection policy of this website to protect your rights and interests, please read the following contents &hellip;<\/p>\n<p class=\"read-more\"> <a class=\"\" href=\"https:\/\/pisooka.eu\/de\/privacy-policy\/\"> <span class=\"screen-reader-text\">Datenschutzrichtlinie<\/span> Weiterlesen \u00bb<\/a><\/p>","protected":false},"author":2603,"featured_media":0,"parent":0,"menu_order":0,"comment_status":"closed","ping_status":"closed","template":"elementor_header_footer","meta":{"site-sidebar-layout":"default","site-content-layout":"default","ast-global-header-display":"","ast-banner-title-visibility":"","ast-main-header-display":"","ast-hfb-above-header-display":"","ast-hfb-below-header-display":"","ast-hfb-mobile-header-display":"","site-post-title":"","ast-breadcrumbs-content":"","ast-featured-img":"","footer-sml-layout":"","theme-transparent-header-meta":"default","adv-header-id-meta":"","stick-header-meta":"","header-above-stick-meta":"","header-main-stick-meta":"","header-below-stick-meta":"","footnotes":""},"class_list":["post-2559","page","type-page","status-publish","hentry"],"_links":{"self":[{"href":"https:\/\/pisooka.eu\/de\/wp-json\/wp\/v2\/pages\/2559","targetHints":{"allow":["GET"]}}],"collection":[{"href":"https:\/\/pisooka.eu\/de\/wp-json\/wp\/v2\/pages"}],"about":[{"href":"https:\/\/pisooka.eu\/de\/wp-json\/wp\/v2\/types\/page"}],"author":[{"embeddable":true,"href":"https:\/\/pisooka.eu\/de\/wp-json\/wp\/v2\/users\/2603"}],"replies":[{"embeddable":true,"href":"https:\/\/pisooka.eu\/de\/wp-json\/wp\/v2\/comments?post=2559"}],"version-history":[{"count":1,"href":"https:\/\/pisooka.eu\/de\/wp-json\/wp\/v2\/pages\/2559\/revisions"}],"predecessor-version":[{"id":30487,"href":"https:\/\/pisooka.eu\/de\/wp-json\/wp\/v2\/pages\/2559\/revisions\/30487"}],"wp:attachment":[{"href":"https:\/\/pisooka.eu\/de\/wp-json\/wp\/v2\/media?parent=2559"}],"curies":[{"name":"wp","href":"https:\/\/api.w.org\/{rel}","templated":true}]}}